{"id":3336,"date":"2024-06-01T05:37:14","date_gmt":"2024-06-01T08:37:14","guid":{"rendered":"https:\/\/www.furacon.com.br\/homepage\/"},"modified":"2026-04-15T15:58:16","modified_gmt":"2026-04-15T18:58:16","slug":"homepage","status":"publish","type":"page","link":"https:\/\/www.furacon.com.br\/en\/","title":{"rendered":"Home"},"content":{"rendered":"","protected":false},"excerpt":{"rendered":"<p>A benchmark in Brazil and abroad in cutting, drilling and controlled demolition of reinforced concrete, as well as maintenance with robots.<\/p>\n","protected":false},"author":1,"featured_media":0,"parent":0,"menu_order":0,"comment_status":"closed","ping_status":"closed","template":"","meta":{"footnotes":""},"class_list":["post-3336","page","type-page","status-publish","hentry"],"acf":[],"yoast_head":"<!-- This site is optimized with the Yoast SEO plugin v25.1 - https:\/\/yoast.com\/wordpress\/plugins\/seo\/ -->\n<title>Furacon<\/title>\n<meta name=\"description\" content=\"Furacon: A benchmark in Brazil and abroad in cutting, drilling and controlled demolition of reinforced concrete, as well as maintenance...\" \/>\n<meta name=\"robots\" content=\"index, follow, max-snippet:-1, max-image-preview:large, max-video-preview:-1\" \/>\n<link rel=\"canonical\" href=\"https:\/\/www.furacon.com.br\/en\/\" \/>\n<meta property=\"og:locale\" content=\"en_US\" \/>\n<meta property=\"og:type\" content=\"article\" \/>\n<meta property=\"og:title\" content=\"Furacon - Tecnologia e Agilidade para a Constru\u00e7\u00e3o Civil.\" \/>\n<meta property=\"og:description\" content=\"Furacon: Tecnologia e agilidade para a constru\u00e7\u00e3o civil. Refer\u00eancia no Brasil e exterior em cortes, perfura\u00e7\u00f5es e demoli\u00e7\u00e3o controlada...\" \/>\n<meta property=\"og:url\" content=\"https:\/\/www.furacon.com.br\/en\/\" \/>\n<meta property=\"og:site_name\" content=\"Furacon\" \/>\n<meta property=\"article:publisher\" content=\"https:\/\/www.facebook.com\/Furacon\/\" \/>\n<meta property=\"article:modified_time\" content=\"2026-04-15T18:58:16+00:00\" \/>\n<meta property=\"og:image\" content=\"https:\/\/www.furacon.com.br\/wp-content\/uploads\/2024\/06\/8-1-e1720708773425.webp\" \/>\n\t<meta property=\"og:image:width\" content=\"779\" \/>\n\t<meta property=\"og:image:height\" content=\"728\" \/>\n\t<meta property=\"og:image:type\" content=\"image\/webp\" \/>\n<meta name=\"twitter:card\" content=\"summary_large_image\" \/>\n<meta name=\"twitter:title\" content=\"Furacon - Tecnologia e Agilidade para a Constru\u00e7\u00e3o Civil.\" \/>\n<meta name=\"twitter:description\" content=\"Furacon: Tecnologia e agilidade para a constru\u00e7\u00e3o civil. Refer\u00eancia no Brasil e exterior em cortes, perfura\u00e7\u00f5es e demoli\u00e7\u00e3o controlada...\" \/>\n<meta name=\"twitter:image\" content=\"https:\/\/www.furacon.com.br\/wp-content\/uploads\/2024\/06\/8-1-e1720708773425.webp\" \/>\n<script type=\"application\/ld+json\" class=\"yoast-schema-graph\">{\"@context\":\"https:\/\/schema.org\",\"@graph\":[{\"@type\":\"WebPage\",\"@id\":\"https:\/\/www.furacon.com.br\/en\/\",\"url\":\"https:\/\/www.furacon.com.br\/en\/\",\"name\":\"Furacon\",\"isPartOf\":{\"@id\":\"https:\/\/www.furacon.com.br\/#website\"},\"datePublished\":\"2024-06-01T08:37:14+00:00\",\"dateModified\":\"2026-04-15T18:58:16+00:00\",\"description\":\"Furacon: A benchmark in Brazil and abroad in cutting, drilling and controlled demolition of reinforced concrete, as well as maintenance...\",\"breadcrumb\":{\"@id\":\"https:\/\/www.furacon.com.br\/en\/#breadcrumb\"},\"inLanguage\":\"en-US\",\"potentialAction\":[{\"@type\":\"ReadAction\",\"target\":[\"https:\/\/www.furacon.com.br\/en\/\"]}]},{\"@type\":\"BreadcrumbList\",\"@id\":\"https:\/\/www.furacon.com.br\/en\/#breadcrumb\",\"itemListElement\":[{\"@type\":\"ListItem\",\"position\":1,\"name\":\"In\u00edcio\",\"item\":\"https:\/\/www.furacon.com.br\/en\/\"},{\"@type\":\"ListItem\",\"position\":2,\"name\":\"Home\"}]},{\"@type\":\"WebSite\",\"@id\":\"https:\/\/www.furacon.com.br\/#website\",\"url\":\"https:\/\/www.furacon.com.br\/\",\"name\":\"Furacon\",\"description\":\"Sistemas de cortes e perfura\u00e7\u00f5es em concreto ltda\",\"publisher\":{\"@id\":\"https:\/\/www.furacon.com.br\/#organization\"},\"potentialAction\":[{\"@type\":\"SearchAction\",\"target\":{\"@type\":\"EntryPoint\",\"urlTemplate\":\"https:\/\/www.furacon.com.br\/?s={search_term_string}\"},\"query-input\":{\"@type\":\"PropertyValueSpecification\",\"valueRequired\":true,\"valueName\":\"search_term_string\"}}],\"inLanguage\":\"en-US\"},{\"@type\":\"Organization\",\"@id\":\"https:\/\/www.furacon.com.br\/#organization\",\"name\":\"Furacon\",\"url\":\"https:\/\/www.furacon.com.br\/\",\"logo\":{\"@type\":\"ImageObject\",\"inLanguage\":\"en-US\",\"@id\":\"https:\/\/www.furacon.com.br\/#\/schema\/logo\/image\/\",\"url\":\"https:\/\/www.furacon.com.br\/wp-content\/uploads\/2024\/08\/new-logo-furacon.png\",\"contentUrl\":\"https:\/\/www.furacon.com.br\/wp-content\/uploads\/2024\/08\/new-logo-furacon.png\",\"width\":1746,\"height\":607,\"caption\":\"Furacon\"},\"image\":{\"@id\":\"https:\/\/www.furacon.com.br\/#\/schema\/logo\/image\/\"},\"sameAs\":[\"https:\/\/www.facebook.com\/Furacon\/\",\"https:\/\/www.instagram.com\/furaconltda\/\",\"https:\/\/www.linkedin.com\/company\/1363276\",\"https:\/\/www.youtube.com\/@Furacon_\"]}]}<\/script>\n<!-- \/ Yoast SEO plugin. -->","yoast_head_json":{"title":"Furacon","description":"Furacon: A benchmark in Brazil and abroad in cutting, drilling and controlled demolition of reinforced concrete, as well as maintenance...","robots":{"index":"index","follow":"follow","max-snippet":"max-snippet:-1","max-image-preview":"max-image-preview:large","max-video-preview":"max-video-preview:-1"},"canonical":"https:\/\/www.furacon.com.br\/en\/","og_locale":"en_US","og_type":"article","og_title":"Furacon - Tecnologia e Agilidade para a Constru\u00e7\u00e3o Civil.","og_description":"Furacon: Tecnologia e agilidade para a constru\u00e7\u00e3o civil. Refer\u00eancia no Brasil e exterior em cortes, perfura\u00e7\u00f5es e demoli\u00e7\u00e3o controlada...","og_url":"https:\/\/www.furacon.com.br\/en\/","og_site_name":"Furacon","article_publisher":"https:\/\/www.facebook.com\/Furacon\/","article_modified_time":"2026-04-15T18:58:16+00:00","og_image":[{"width":779,"height":728,"url":"https:\/\/www.furacon.com.br\/wp-content\/uploads\/2024\/06\/8-1-e1720708773425.webp","type":"image\/webp"}],"twitter_card":"summary_large_image","twitter_title":"Furacon - Tecnologia e Agilidade para a Constru\u00e7\u00e3o Civil.","twitter_description":"Furacon: Tecnologia e agilidade para a constru\u00e7\u00e3o civil. Refer\u00eancia no Brasil e exterior em cortes, perfura\u00e7\u00f5es e demoli\u00e7\u00e3o controlada...","twitter_image":"https:\/\/www.furacon.com.br\/wp-content\/uploads\/2024\/06\/8-1-e1720708773425.webp","schema":{"@context":"https:\/\/schema.org","@graph":[{"@type":"WebPage","@id":"https:\/\/www.furacon.com.br\/en\/","url":"https:\/\/www.furacon.com.br\/en\/","name":"Furacon","isPartOf":{"@id":"https:\/\/www.furacon.com.br\/#website"},"datePublished":"2024-06-01T08:37:14+00:00","dateModified":"2026-04-15T18:58:16+00:00","description":"Furacon: A benchmark in Brazil and abroad in cutting, drilling and controlled demolition of reinforced concrete, as well as maintenance...","breadcrumb":{"@id":"https:\/\/www.furacon.com.br\/en\/#breadcrumb"},"inLanguage":"en-US","potentialAction":[{"@type":"ReadAction","target":["https:\/\/www.furacon.com.br\/en\/"]}]},{"@type":"BreadcrumbList","@id":"https:\/\/www.furacon.com.br\/en\/#breadcrumb","itemListElement":[{"@type":"ListItem","position":1,"name":"In\u00edcio","item":"https:\/\/www.furacon.com.br\/en\/"},{"@type":"ListItem","position":2,"name":"Home"}]},{"@type":"WebSite","@id":"https:\/\/www.furacon.com.br\/#website","url":"https:\/\/www.furacon.com.br\/","name":"Furacon","description":"Sistemas de cortes e perfura\u00e7\u00f5es em concreto ltda","publisher":{"@id":"https:\/\/www.furacon.com.br\/#organization"},"potentialAction":[{"@type":"SearchAction","target":{"@type":"EntryPoint","urlTemplate":"https:\/\/www.furacon.com.br\/?s={search_term_string}"},"query-input":{"@type":"PropertyValueSpecification","valueRequired":true,"valueName":"search_term_string"}}],"inLanguage":"en-US"},{"@type":"Organization","@id":"https:\/\/www.furacon.com.br\/#organization","name":"Furacon","url":"https:\/\/www.furacon.com.br\/","logo":{"@type":"ImageObject","inLanguage":"en-US","@id":"https:\/\/www.furacon.com.br\/#\/schema\/logo\/image\/","url":"https:\/\/www.furacon.com.br\/wp-content\/uploads\/2024\/08\/new-logo-furacon.png","contentUrl":"https:\/\/www.furacon.com.br\/wp-content\/uploads\/2024\/08\/new-logo-furacon.png","width":1746,"height":607,"caption":"Furacon"},"image":{"@id":"https:\/\/www.furacon.com.br\/#\/schema\/logo\/image\/"},"sameAs":["https:\/\/www.facebook.com\/Furacon\/","https:\/\/www.instagram.com\/furaconltda\/","https:\/\/www.linkedin.com\/company\/1363276","https:\/\/www.youtube.com\/@Furacon_"]}]}},"_links":{"self":[{"href":"https:\/\/www.furacon.com.br\/en\/wp-json\/wp\/v2\/pages\/3336","targetHints":{"allow":["GET"]}}],"collection":[{"href":"https:\/\/www.furacon.com.br\/en\/wp-json\/wp\/v2\/pages"}],"about":[{"href":"https:\/\/www.furacon.com.br\/en\/wp-json\/wp\/v2\/types\/page"}],"author":[{"embeddable":true,"href":"https:\/\/www.furacon.com.br\/en\/wp-json\/wp\/v2\/users\/1"}],"replies":[{"embeddable":true,"href":"https:\/\/www.furacon.com.br\/en\/wp-json\/wp\/v2\/comments?post=3336"}],"version-history":[{"count":11,"href":"https:\/\/www.furacon.com.br\/en\/wp-json\/wp\/v2\/pages\/3336\/revisions"}],"predecessor-version":[{"id":5015,"href":"https:\/\/www.furacon.com.br\/en\/wp-json\/wp\/v2\/pages\/3336\/revisions\/5015"}],"wp:attachment":[{"href":"https:\/\/www.furacon.com.br\/en\/wp-json\/wp\/v2\/media?parent=3336"}],"curies":[{"name":"wp","href":"https:\/\/api.w.org\/{rel}","templated":true}]}}