{"id":3338,"date":"2024-06-04T18:36:10","date_gmt":"2024-06-04T21:36:10","guid":{"rendered":"https:\/\/www.furacon.com.br\/quem-somos\/"},"modified":"2025-07-14T20:15:00","modified_gmt":"2025-07-14T23:15:00","slug":"who-we-are","status":"publish","type":"page","link":"https:\/\/www.furacon.com.br\/en\/who-we-are\/","title":{"rendered":"Who We Are"},"content":{"rendered":"<p>A benchmark in Brazil and abroad in cutting, drilling and controlled demolition of reinforced concrete, as well as maintenance with robots, Furacon began its activities in 1993 with the challenge of bringing more technology, professionalism and agility to civil construction, infrastructure and industrial works.<\/p>\n","protected":false},"excerpt":{"rendered":"<p>A benchmark in Brazil and abroad in cutting, drilling and controlled demolition of reinforced concrete, as well as maintenance with robots, Furacon began its activities in 1993 with the challenge of bringing more technology, professionalism and agility to civil construction, infrastructure and industrial works.<\/p>\n","protected":false},"author":1,"featured_media":2270,"parent":0,"menu_order":0,"comment_status":"closed","ping_status":"closed","template":"page-templates\/template-about.php","meta":{"footnotes":""},"class_list":["post-3338","page","type-page","status-publish","has-post-thumbnail","hentry"],"acf":[],"yoast_head":"<!-- This site is optimized with the Yoast SEO plugin v25.1 - https:\/\/yoast.com\/wordpress\/plugins\/seo\/ -->\n<title>Who We Are - Furacon<\/title>\n<meta name=\"description\" content=\"Who We Are: a benchmark in Brazil and abroad in cutting, drilling and controlled demolition of reinforced concrete, as well as maintenance...\" \/>\n<meta name=\"robots\" content=\"index, follow, max-snippet:-1, max-image-preview:large, max-video-preview:-1\" \/>\n<link rel=\"canonical\" href=\"https:\/\/www.furacon.com.br\/en\/who-we-are\/\" \/>\n<meta property=\"og:locale\" content=\"en_US\" \/>\n<meta property=\"og:type\" content=\"article\" \/>\n<meta property=\"og:title\" content=\"QUEM SOMOS\" \/>\n<meta property=\"og:description\" content=\"Quem somos: muito prazer, somos a Furacon. Refer\u00eancia no Brasil e exterior em cortes, perfura\u00e7\u00f5es e demoli\u00e7\u00e3o controlada de concreto armado...\" \/>\n<meta property=\"og:url\" content=\"https:\/\/www.furacon.com.br\/en\/who-we-are\/\" \/>\n<meta property=\"og:site_name\" content=\"Furacon\" \/>\n<meta property=\"article:publisher\" content=\"https:\/\/www.facebook.com\/Furacon\/\" \/>\n<meta property=\"article:modified_time\" content=\"2025-07-14T23:15:00+00:00\" \/>\n<meta property=\"og:image\" content=\"https:\/\/www.furacon.com.br\/wp-content\/uploads\/2024\/06\/1-9-e1720207032739.webp\" \/>\n\t<meta property=\"og:image:width\" content=\"1084\" \/>\n\t<meta property=\"og:image:height\" content=\"1200\" \/>\n\t<meta property=\"og:image:type\" content=\"image\/webp\" \/>\n<meta name=\"twitter:card\" content=\"summary_large_image\" \/>\n<meta name=\"twitter:title\" content=\"QUEM SOMOS\" \/>\n<meta name=\"twitter:description\" content=\"Quem somos: muito prazer, somos a Furacon. Refer\u00eancia no Brasil e exterior em cortes, perfura\u00e7\u00f5es e demoli\u00e7\u00e3o controlada de concreto armado...\" \/>\n<meta name=\"twitter:image\" content=\"https:\/\/www.furacon.com.br\/wp-content\/uploads\/2024\/06\/1-9-e1720207032739.webp\" \/>\n<meta name=\"twitter:label1\" content=\"Est. reading time\" \/>\n\t<meta name=\"twitter:data1\" content=\"1 minute\" \/>\n<script type=\"application\/ld+json\" class=\"yoast-schema-graph\">{\"@context\":\"https:\/\/schema.org\",\"@graph\":[{\"@type\":\"WebPage\",\"@id\":\"https:\/\/www.furacon.com.br\/en\/who-we-are\/\",\"url\":\"https:\/\/www.furacon.com.br\/en\/who-we-are\/\",\"name\":\"Who We Are - Furacon\",\"isPartOf\":{\"@id\":\"https:\/\/www.furacon.com.br\/#website\"},\"primaryImageOfPage\":{\"@id\":\"https:\/\/www.furacon.com.br\/en\/who-we-are\/#primaryimage\"},\"image\":{\"@id\":\"https:\/\/www.furacon.com.br\/en\/who-we-are\/#primaryimage\"},\"thumbnailUrl\":\"https:\/\/www.furacon.com.br\/wp-content\/uploads\/2024\/06\/FOTO8-1-e1720206985260.webp\",\"datePublished\":\"2024-06-04T21:36:10+00:00\",\"dateModified\":\"2025-07-14T23:15:00+00:00\",\"description\":\"Who We Are: a benchmark in Brazil and abroad in cutting, drilling and controlled demolition of reinforced concrete, as well as maintenance...\",\"breadcrumb\":{\"@id\":\"https:\/\/www.furacon.com.br\/en\/who-we-are\/#breadcrumb\"},\"inLanguage\":\"en-US\",\"potentialAction\":[{\"@type\":\"ReadAction\",\"target\":[\"https:\/\/www.furacon.com.br\/en\/who-we-are\/\"]}]},{\"@type\":\"ImageObject\",\"inLanguage\":\"en-US\",\"@id\":\"https:\/\/www.furacon.com.br\/en\/who-we-are\/#primaryimage\",\"url\":\"https:\/\/www.furacon.com.br\/wp-content\/uploads\/2024\/06\/FOTO8-1-e1720206985260.webp\",\"contentUrl\":\"https:\/\/www.furacon.com.br\/wp-content\/uploads\/2024\/06\/FOTO8-1-e1720206985260.webp\",\"width\":1829,\"height\":640},{\"@type\":\"BreadcrumbList\",\"@id\":\"https:\/\/www.furacon.com.br\/en\/who-we-are\/#breadcrumb\",\"itemListElement\":[{\"@type\":\"ListItem\",\"position\":1,\"name\":\"In\u00edcio\",\"item\":\"https:\/\/www.furacon.com.br\/en\/\"},{\"@type\":\"ListItem\",\"position\":2,\"name\":\"Who We Are\"}]},{\"@type\":\"WebSite\",\"@id\":\"https:\/\/www.furacon.com.br\/#website\",\"url\":\"https:\/\/www.furacon.com.br\/\",\"name\":\"Furacon\",\"description\":\"Sistemas de cortes e perfura\u00e7\u00f5es em concreto ltda\",\"publisher\":{\"@id\":\"https:\/\/www.furacon.com.br\/#organization\"},\"potentialAction\":[{\"@type\":\"SearchAction\",\"target\":{\"@type\":\"EntryPoint\",\"urlTemplate\":\"https:\/\/www.furacon.com.br\/?s={search_term_string}\"},\"query-input\":{\"@type\":\"PropertyValueSpecification\",\"valueRequired\":true,\"valueName\":\"search_term_string\"}}],\"inLanguage\":\"en-US\"},{\"@type\":\"Organization\",\"@id\":\"https:\/\/www.furacon.com.br\/#organization\",\"name\":\"Furacon\",\"url\":\"https:\/\/www.furacon.com.br\/\",\"logo\":{\"@type\":\"ImageObject\",\"inLanguage\":\"en-US\",\"@id\":\"https:\/\/www.furacon.com.br\/#\/schema\/logo\/image\/\",\"url\":\"https:\/\/www.furacon.com.br\/wp-content\/uploads\/2024\/08\/new-logo-furacon.png\",\"contentUrl\":\"https:\/\/www.furacon.com.br\/wp-content\/uploads\/2024\/08\/new-logo-furacon.png\",\"width\":1746,\"height\":607,\"caption\":\"Furacon\"},\"image\":{\"@id\":\"https:\/\/www.furacon.com.br\/#\/schema\/logo\/image\/\"},\"sameAs\":[\"https:\/\/www.facebook.com\/Furacon\/\",\"https:\/\/www.instagram.com\/furaconltda\/\",\"https:\/\/www.linkedin.com\/company\/1363276\",\"https:\/\/www.youtube.com\/@Furacon_\"]}]}<\/script>\n<!-- \/ Yoast SEO plugin. -->","yoast_head_json":{"title":"Who We Are - Furacon","description":"Who We Are: a benchmark in Brazil and abroad in cutting, drilling and controlled demolition of reinforced concrete, as well as maintenance...","robots":{"index":"index","follow":"follow","max-snippet":"max-snippet:-1","max-image-preview":"max-image-preview:large","max-video-preview":"max-video-preview:-1"},"canonical":"https:\/\/www.furacon.com.br\/en\/who-we-are\/","og_locale":"en_US","og_type":"article","og_title":"QUEM SOMOS","og_description":"Quem somos: muito prazer, somos a Furacon. Refer\u00eancia no Brasil e exterior em cortes, perfura\u00e7\u00f5es e demoli\u00e7\u00e3o controlada de concreto armado...","og_url":"https:\/\/www.furacon.com.br\/en\/who-we-are\/","og_site_name":"Furacon","article_publisher":"https:\/\/www.facebook.com\/Furacon\/","article_modified_time":"2025-07-14T23:15:00+00:00","og_image":[{"width":1084,"height":1200,"url":"https:\/\/www.furacon.com.br\/wp-content\/uploads\/2024\/06\/1-9-e1720207032739.webp","type":"image\/webp"}],"twitter_card":"summary_large_image","twitter_title":"QUEM SOMOS","twitter_description":"Quem somos: muito prazer, somos a Furacon. Refer\u00eancia no Brasil e exterior em cortes, perfura\u00e7\u00f5es e demoli\u00e7\u00e3o controlada de concreto armado...","twitter_image":"https:\/\/www.furacon.com.br\/wp-content\/uploads\/2024\/06\/1-9-e1720207032739.webp","twitter_misc":{"Est. reading time":"1 minute"},"schema":{"@context":"https:\/\/schema.org","@graph":[{"@type":"WebPage","@id":"https:\/\/www.furacon.com.br\/en\/who-we-are\/","url":"https:\/\/www.furacon.com.br\/en\/who-we-are\/","name":"Who We Are - Furacon","isPartOf":{"@id":"https:\/\/www.furacon.com.br\/#website"},"primaryImageOfPage":{"@id":"https:\/\/www.furacon.com.br\/en\/who-we-are\/#primaryimage"},"image":{"@id":"https:\/\/www.furacon.com.br\/en\/who-we-are\/#primaryimage"},"thumbnailUrl":"https:\/\/www.furacon.com.br\/wp-content\/uploads\/2024\/06\/FOTO8-1-e1720206985260.webp","datePublished":"2024-06-04T21:36:10+00:00","dateModified":"2025-07-14T23:15:00+00:00","description":"Who We Are: a benchmark in Brazil and abroad in cutting, drilling and controlled demolition of reinforced concrete, as well as maintenance...","breadcrumb":{"@id":"https:\/\/www.furacon.com.br\/en\/who-we-are\/#breadcrumb"},"inLanguage":"en-US","potentialAction":[{"@type":"ReadAction","target":["https:\/\/www.furacon.com.br\/en\/who-we-are\/"]}]},{"@type":"ImageObject","inLanguage":"en-US","@id":"https:\/\/www.furacon.com.br\/en\/who-we-are\/#primaryimage","url":"https:\/\/www.furacon.com.br\/wp-content\/uploads\/2024\/06\/FOTO8-1-e1720206985260.webp","contentUrl":"https:\/\/www.furacon.com.br\/wp-content\/uploads\/2024\/06\/FOTO8-1-e1720206985260.webp","width":1829,"height":640},{"@type":"BreadcrumbList","@id":"https:\/\/www.furacon.com.br\/en\/who-we-are\/#breadcrumb","itemListElement":[{"@type":"ListItem","position":1,"name":"In\u00edcio","item":"https:\/\/www.furacon.com.br\/en\/"},{"@type":"ListItem","position":2,"name":"Who We Are"}]},{"@type":"WebSite","@id":"https:\/\/www.furacon.com.br\/#website","url":"https:\/\/www.furacon.com.br\/","name":"Furacon","description":"Sistemas de cortes e perfura\u00e7\u00f5es em concreto ltda","publisher":{"@id":"https:\/\/www.furacon.com.br\/#organization"},"potentialAction":[{"@type":"SearchAction","target":{"@type":"EntryPoint","urlTemplate":"https:\/\/www.furacon.com.br\/?s={search_term_string}"},"query-input":{"@type":"PropertyValueSpecification","valueRequired":true,"valueName":"search_term_string"}}],"inLanguage":"en-US"},{"@type":"Organization","@id":"https:\/\/www.furacon.com.br\/#organization","name":"Furacon","url":"https:\/\/www.furacon.com.br\/","logo":{"@type":"ImageObject","inLanguage":"en-US","@id":"https:\/\/www.furacon.com.br\/#\/schema\/logo\/image\/","url":"https:\/\/www.furacon.com.br\/wp-content\/uploads\/2024\/08\/new-logo-furacon.png","contentUrl":"https:\/\/www.furacon.com.br\/wp-content\/uploads\/2024\/08\/new-logo-furacon.png","width":1746,"height":607,"caption":"Furacon"},"image":{"@id":"https:\/\/www.furacon.com.br\/#\/schema\/logo\/image\/"},"sameAs":["https:\/\/www.facebook.com\/Furacon\/","https:\/\/www.instagram.com\/furaconltda\/","https:\/\/www.linkedin.com\/company\/1363276","https:\/\/www.youtube.com\/@Furacon_"]}]}},"_links":{"self":[{"href":"https:\/\/www.furacon.com.br\/en\/wp-json\/wp\/v2\/pages\/3338","targetHints":{"allow":["GET"]}}],"collection":[{"href":"https:\/\/www.furacon.com.br\/en\/wp-json\/wp\/v2\/pages"}],"about":[{"href":"https:\/\/www.furacon.com.br\/en\/wp-json\/wp\/v2\/types\/page"}],"author":[{"embeddable":true,"href":"https:\/\/www.furacon.com.br\/en\/wp-json\/wp\/v2\/users\/1"}],"replies":[{"embeddable":true,"href":"https:\/\/www.furacon.com.br\/en\/wp-json\/wp\/v2\/comments?post=3338"}],"version-history":[{"count":2,"href":"https:\/\/www.furacon.com.br\/en\/wp-json\/wp\/v2\/pages\/3338\/revisions"}],"predecessor-version":[{"id":3613,"href":"https:\/\/www.furacon.com.br\/en\/wp-json\/wp\/v2\/pages\/3338\/revisions\/3613"}],"wp:featuredmedia":[{"embeddable":true,"href":"https:\/\/www.furacon.com.br\/en\/wp-json\/wp\/v2\/media\/2270"}],"wp:attachment":[{"href":"https:\/\/www.furacon.com.br\/en\/wp-json\/wp\/v2\/media?parent=3338"}],"curies":[{"name":"wp","href":"https:\/\/api.w.org\/{rel}","templated":true}]}}