{"id":3340,"date":"2024-06-04T20:54:59","date_gmt":"2024-06-04T23:54:59","guid":{"rendered":"https:\/\/www.furacon.com.br\/trabalhe-conosco\/"},"modified":"2024-06-04T20:54:59","modified_gmt":"2024-06-04T23:54:59","slug":"trabalhe-conosco","status":"publish","type":"page","link":"https:\/\/www.furacon.com.br\/en\/trabalhe-conosco\/","title":{"rendered":"Trabalhe conosco"},"content":{"rendered":"<p>Refer\u00eancia no Brasil e exterior em cortes, perfura\u00e7\u00f5es e demoli\u00e7\u00e3o controlada de concreto armado al\u00e9m de manuten\u00e7\u00f5es com rob\u00f4s, a Furacon come\u00e7ou suas atividades em 1993 com o desafio de trazer mais tecnologia, profissionalismo e agilidade para a constru\u00e7\u00e3o civil e obras de infraestrutura e ind\u00fastrias.<\/p>\n","protected":false},"excerpt":{"rendered":"<p>Hoje, a empresa possui mais de 400 equipamentos e centenas de obras realizadas em todo o territ\u00f3rio brasileiro e em outros pa\u00edses da Am\u00e9rica do Sul, al\u00e9m das principais certifica\u00e7\u00f5es t\u00e9cnicas e de capacita\u00e7\u00e3o profissional e de qualidade, exigidas pelo nosso mercado de trabalho.<\/p>\n","protected":false},"author":1,"featured_media":2376,"parent":0,"menu_order":0,"comment_status":"closed","ping_status":"closed","template":"page-templates\/template-contact.php","meta":{"footnotes":""},"class_list":["post-3340","page","type-page","status-publish","has-post-thumbnail","hentry"],"acf":[],"yoast_head":"<!-- This site is optimized with the Yoast SEO plugin v25.1 - https:\/\/yoast.com\/wordpress\/plugins\/seo\/ -->\n<title>Trabalhe conosco - Furacon<\/title>\n<meta name=\"description\" content=\"Refer\u00eancia no Brasil e exterior em cortes, perfura\u00e7\u00f5es e demoli\u00e7\u00e3o controlada de concreto armado al\u00e9m de manuten\u00e7\u00f5es com rob\u00f4s, a Furacon come\u00e7ou suas atividades em...\" \/>\n<meta name=\"robots\" content=\"index, follow, max-snippet:-1, max-image-preview:large, max-video-preview:-1\" \/>\n<link rel=\"canonical\" href=\"https:\/\/www.furacon.com.br\/en\/trabalhe-conosco\/\" \/>\n<meta property=\"og:locale\" content=\"en_US\" \/>\n<meta property=\"og:type\" content=\"article\" \/>\n<meta property=\"og:title\" content=\"Trabalhe conosco - Furacon\" \/>\n<meta property=\"og:description\" content=\"Refer\u00eancia no Brasil e exterior em cortes, perfura\u00e7\u00f5es e demoli\u00e7\u00e3o controlada de concreto armado al\u00e9m de manuten\u00e7\u00f5es com rob\u00f4s, a Furacon come\u00e7ou suas atividades em...\" \/>\n<meta property=\"og:url\" content=\"https:\/\/www.furacon.com.br\/en\/trabalhe-conosco\/\" \/>\n<meta property=\"og:site_name\" content=\"Furacon\" \/>\n<meta property=\"article:publisher\" content=\"https:\/\/www.facebook.com\/Furacon\/\" \/>\n<meta name=\"twitter:card\" content=\"summary_large_image\" \/>\n<script type=\"application\/ld+json\" class=\"yoast-schema-graph\">{\"@context\":\"https:\/\/schema.org\",\"@graph\":[{\"@type\":\"WebPage\",\"@id\":\"https:\/\/www.furacon.com.br\/en\/trabalhe-conosco\/\",\"url\":\"https:\/\/www.furacon.com.br\/en\/trabalhe-conosco\/\",\"name\":\"Trabalhe conosco - Furacon\",\"isPartOf\":{\"@id\":\"https:\/\/www.furacon.com.br\/#website\"},\"primaryImageOfPage\":{\"@id\":\"https:\/\/www.furacon.com.br\/en\/trabalhe-conosco\/#primaryimage\"},\"image\":{\"@id\":\"https:\/\/www.furacon.com.br\/en\/trabalhe-conosco\/#primaryimage\"},\"thumbnailUrl\":\"https:\/\/www.furacon.com.br\/wp-content\/uploads\/2024\/06\/quem-somos7.webp\",\"datePublished\":\"2024-06-04T23:54:59+00:00\",\"description\":\"Refer\u00eancia no Brasil e exterior em cortes, perfura\u00e7\u00f5es e demoli\u00e7\u00e3o controlada de concreto armado al\u00e9m de manuten\u00e7\u00f5es com rob\u00f4s, a Furacon come\u00e7ou suas atividades em...\",\"breadcrumb\":{\"@id\":\"https:\/\/www.furacon.com.br\/en\/trabalhe-conosco\/#breadcrumb\"},\"inLanguage\":\"en-US\",\"potentialAction\":[{\"@type\":\"ReadAction\",\"target\":[\"https:\/\/www.furacon.com.br\/en\/trabalhe-conosco\/\"]}]},{\"@type\":\"ImageObject\",\"inLanguage\":\"en-US\",\"@id\":\"https:\/\/www.furacon.com.br\/en\/trabalhe-conosco\/#primaryimage\",\"url\":\"https:\/\/www.furacon.com.br\/wp-content\/uploads\/2024\/06\/quem-somos7.webp\",\"contentUrl\":\"https:\/\/www.furacon.com.br\/wp-content\/uploads\/2024\/06\/quem-somos7.webp\",\"width\":1208,\"height\":944},{\"@type\":\"BreadcrumbList\",\"@id\":\"https:\/\/www.furacon.com.br\/en\/trabalhe-conosco\/#breadcrumb\",\"itemListElement\":[{\"@type\":\"ListItem\",\"position\":1,\"name\":\"In\u00edcio\",\"item\":\"https:\/\/www.furacon.com.br\/en\/\"},{\"@type\":\"ListItem\",\"position\":2,\"name\":\"Trabalhe conosco\"}]},{\"@type\":\"WebSite\",\"@id\":\"https:\/\/www.furacon.com.br\/#website\",\"url\":\"https:\/\/www.furacon.com.br\/\",\"name\":\"Furacon\",\"description\":\"Sistemas de cortes e perfura\u00e7\u00f5es em concreto ltda\",\"publisher\":{\"@id\":\"https:\/\/www.furacon.com.br\/#organization\"},\"potentialAction\":[{\"@type\":\"SearchAction\",\"target\":{\"@type\":\"EntryPoint\",\"urlTemplate\":\"https:\/\/www.furacon.com.br\/?s={search_term_string}\"},\"query-input\":{\"@type\":\"PropertyValueSpecification\",\"valueRequired\":true,\"valueName\":\"search_term_string\"}}],\"inLanguage\":\"en-US\"},{\"@type\":\"Organization\",\"@id\":\"https:\/\/www.furacon.com.br\/#organization\",\"name\":\"Furacon\",\"url\":\"https:\/\/www.furacon.com.br\/\",\"logo\":{\"@type\":\"ImageObject\",\"inLanguage\":\"en-US\",\"@id\":\"https:\/\/www.furacon.com.br\/#\/schema\/logo\/image\/\",\"url\":\"https:\/\/www.furacon.com.br\/wp-content\/uploads\/2024\/08\/new-logo-furacon.png\",\"contentUrl\":\"https:\/\/www.furacon.com.br\/wp-content\/uploads\/2024\/08\/new-logo-furacon.png\",\"width\":1746,\"height\":607,\"caption\":\"Furacon\"},\"image\":{\"@id\":\"https:\/\/www.furacon.com.br\/#\/schema\/logo\/image\/\"},\"sameAs\":[\"https:\/\/www.facebook.com\/Furacon\/\",\"https:\/\/www.instagram.com\/furaconltda\/\",\"https:\/\/www.linkedin.com\/company\/1363276\",\"https:\/\/www.youtube.com\/@Furacon_\"]}]}<\/script>\n<!-- \/ Yoast SEO plugin. -->","yoast_head_json":{"title":"Trabalhe conosco - Furacon","description":"Refer\u00eancia no Brasil e exterior em cortes, perfura\u00e7\u00f5es e demoli\u00e7\u00e3o controlada de concreto armado al\u00e9m de manuten\u00e7\u00f5es com rob\u00f4s, a Furacon come\u00e7ou suas atividades em...","robots":{"index":"index","follow":"follow","max-snippet":"max-snippet:-1","max-image-preview":"max-image-preview:large","max-video-preview":"max-video-preview:-1"},"canonical":"https:\/\/www.furacon.com.br\/en\/trabalhe-conosco\/","og_locale":"en_US","og_type":"article","og_title":"Trabalhe conosco - Furacon","og_description":"Refer\u00eancia no Brasil e exterior em cortes, perfura\u00e7\u00f5es e demoli\u00e7\u00e3o controlada de concreto armado al\u00e9m de manuten\u00e7\u00f5es com rob\u00f4s, a Furacon come\u00e7ou suas atividades em...","og_url":"https:\/\/www.furacon.com.br\/en\/trabalhe-conosco\/","og_site_name":"Furacon","article_publisher":"https:\/\/www.facebook.com\/Furacon\/","twitter_card":"summary_large_image","schema":{"@context":"https:\/\/schema.org","@graph":[{"@type":"WebPage","@id":"https:\/\/www.furacon.com.br\/en\/trabalhe-conosco\/","url":"https:\/\/www.furacon.com.br\/en\/trabalhe-conosco\/","name":"Trabalhe conosco - Furacon","isPartOf":{"@id":"https:\/\/www.furacon.com.br\/#website"},"primaryImageOfPage":{"@id":"https:\/\/www.furacon.com.br\/en\/trabalhe-conosco\/#primaryimage"},"image":{"@id":"https:\/\/www.furacon.com.br\/en\/trabalhe-conosco\/#primaryimage"},"thumbnailUrl":"https:\/\/www.furacon.com.br\/wp-content\/uploads\/2024\/06\/quem-somos7.webp","datePublished":"2024-06-04T23:54:59+00:00","description":"Refer\u00eancia no Brasil e exterior em cortes, perfura\u00e7\u00f5es e demoli\u00e7\u00e3o controlada de concreto armado al\u00e9m de manuten\u00e7\u00f5es com rob\u00f4s, a Furacon come\u00e7ou suas atividades em...","breadcrumb":{"@id":"https:\/\/www.furacon.com.br\/en\/trabalhe-conosco\/#breadcrumb"},"inLanguage":"en-US","potentialAction":[{"@type":"ReadAction","target":["https:\/\/www.furacon.com.br\/en\/trabalhe-conosco\/"]}]},{"@type":"ImageObject","inLanguage":"en-US","@id":"https:\/\/www.furacon.com.br\/en\/trabalhe-conosco\/#primaryimage","url":"https:\/\/www.furacon.com.br\/wp-content\/uploads\/2024\/06\/quem-somos7.webp","contentUrl":"https:\/\/www.furacon.com.br\/wp-content\/uploads\/2024\/06\/quem-somos7.webp","width":1208,"height":944},{"@type":"BreadcrumbList","@id":"https:\/\/www.furacon.com.br\/en\/trabalhe-conosco\/#breadcrumb","itemListElement":[{"@type":"ListItem","position":1,"name":"In\u00edcio","item":"https:\/\/www.furacon.com.br\/en\/"},{"@type":"ListItem","position":2,"name":"Trabalhe conosco"}]},{"@type":"WebSite","@id":"https:\/\/www.furacon.com.br\/#website","url":"https:\/\/www.furacon.com.br\/","name":"Furacon","description":"Sistemas de cortes e perfura\u00e7\u00f5es em concreto ltda","publisher":{"@id":"https:\/\/www.furacon.com.br\/#organization"},"potentialAction":[{"@type":"SearchAction","target":{"@type":"EntryPoint","urlTemplate":"https:\/\/www.furacon.com.br\/?s={search_term_string}"},"query-input":{"@type":"PropertyValueSpecification","valueRequired":true,"valueName":"search_term_string"}}],"inLanguage":"en-US"},{"@type":"Organization","@id":"https:\/\/www.furacon.com.br\/#organization","name":"Furacon","url":"https:\/\/www.furacon.com.br\/","logo":{"@type":"ImageObject","inLanguage":"en-US","@id":"https:\/\/www.furacon.com.br\/#\/schema\/logo\/image\/","url":"https:\/\/www.furacon.com.br\/wp-content\/uploads\/2024\/08\/new-logo-furacon.png","contentUrl":"https:\/\/www.furacon.com.br\/wp-content\/uploads\/2024\/08\/new-logo-furacon.png","width":1746,"height":607,"caption":"Furacon"},"image":{"@id":"https:\/\/www.furacon.com.br\/#\/schema\/logo\/image\/"},"sameAs":["https:\/\/www.facebook.com\/Furacon\/","https:\/\/www.instagram.com\/furaconltda\/","https:\/\/www.linkedin.com\/company\/1363276","https:\/\/www.youtube.com\/@Furacon_"]}]}},"_links":{"self":[{"href":"https:\/\/www.furacon.com.br\/en\/wp-json\/wp\/v2\/pages\/3340","targetHints":{"allow":["GET"]}}],"collection":[{"href":"https:\/\/www.furacon.com.br\/en\/wp-json\/wp\/v2\/pages"}],"about":[{"href":"https:\/\/www.furacon.com.br\/en\/wp-json\/wp\/v2\/types\/page"}],"author":[{"embeddable":true,"href":"https:\/\/www.furacon.com.br\/en\/wp-json\/wp\/v2\/users\/1"}],"replies":[{"embeddable":true,"href":"https:\/\/www.furacon.com.br\/en\/wp-json\/wp\/v2\/comments?post=3340"}],"version-history":[{"count":0,"href":"https:\/\/www.furacon.com.br\/en\/wp-json\/wp\/v2\/pages\/3340\/revisions"}],"wp:featuredmedia":[{"embeddable":true,"href":"https:\/\/www.furacon.com.br\/en\/wp-json\/wp\/v2\/media\/2376"}],"wp:attachment":[{"href":"https:\/\/www.furacon.com.br\/en\/wp-json\/wp\/v2\/media?parent=3340"}],"curies":[{"name":"wp","href":"https:\/\/api.w.org\/{rel}","templated":true}]}}