{"id":3446,"date":"2024-06-04T06:49:20","date_gmt":"2024-06-04T09:49:20","guid":{"rendered":"https:\/\/www.furacon.com.br\/cases-de-sucesso\/"},"modified":"2025-07-17T17:05:53","modified_gmt":"2025-07-17T20:05:53","slug":"casos-de-exito","status":"publish","type":"page","link":"https:\/\/www.furacon.com.br\/es\/casos-de-exito\/","title":{"rendered":"Casos"},"content":{"rendered":"","protected":false},"excerpt":{"rendered":"<p>Furacon cuenta con 30 a\u00f1os de experiencia en cortes y perforaciones de concreto, demoliciones controladas y mantenimientos industriales, utilizando las mejores tecnolog\u00edas disponibles a nivel mundial.<\/p>\n","protected":false},"author":1,"featured_media":0,"parent":0,"menu_order":0,"comment_status":"closed","ping_status":"closed","template":"page-templates\/template-cases-list.php","meta":{"footnotes":""},"class_list":["post-3446","page","type-page","status-publish","hentry"],"acf":[],"yoast_head":"<!-- This site is optimized with the Yoast SEO plugin v25.1 - https:\/\/yoast.com\/wordpress\/plugins\/seo\/ -->\n<title>Casos - Furacon<\/title>\n<meta name=\"description\" content=\"Cases de sucesso: A Furacon possui 30 anos de experi\u00eancia em cortes e perfura\u00e7\u00f5es em concreto, demoli\u00e7\u00e3o controlada e manuten\u00e7\u00f5es industria...\" \/>\n<meta name=\"robots\" content=\"index, follow, max-snippet:-1, max-image-preview:large, max-video-preview:-1\" \/>\n<link rel=\"canonical\" href=\"https:\/\/www.furacon.com.br\/es\/casos-de-exito\/\" \/>\n<meta property=\"og:locale\" content=\"es_ES\" \/>\n<meta property=\"og:type\" content=\"article\" \/>\n<meta property=\"og:title\" content=\"Cases de sucesso\" \/>\n<meta property=\"og:description\" content=\"Cases de sucesso: A Furacon possui 30 anos de experi\u00eancia em cortes e perfura\u00e7\u00f5es em concreto, demoli\u00e7\u00e3o controlada e manuten\u00e7\u00f5es industria...\" \/>\n<meta property=\"og:url\" content=\"https:\/\/www.furacon.com.br\/es\/casos-de-exito\/\" \/>\n<meta property=\"og:site_name\" content=\"Furacon\" \/>\n<meta property=\"article:publisher\" content=\"https:\/\/www.facebook.com\/Furacon\/\" \/>\n<meta property=\"article:modified_time\" content=\"2025-07-17T20:05:53+00:00\" \/>\n<meta property=\"og:image\" content=\"https:\/\/www.furacon.com.br\/wp-content\/uploads\/2024\/06\/Broca-de-Widea-15.jpg\" \/>\n\t<meta property=\"og:image:width\" content=\"800\" \/>\n\t<meta property=\"og:image:height\" content=\"600\" \/>\n\t<meta property=\"og:image:type\" content=\"image\/jpeg\" \/>\n<meta name=\"twitter:card\" content=\"summary_large_image\" \/>\n<meta name=\"twitter:title\" content=\"Cases de sucesso\" \/>\n<meta name=\"twitter:description\" content=\"Cases de sucesso: A Furacon possui 30 anos de experi\u00eancia em cortes e perfura\u00e7\u00f5es em concreto, demoli\u00e7\u00e3o controlada e manuten\u00e7\u00f5es industria...\" \/>\n<meta name=\"twitter:image\" content=\"https:\/\/www.furacon.com.br\/wp-content\/uploads\/2024\/06\/Broca-de-Widea-15.jpg\" \/>\n<script type=\"application\/ld+json\" class=\"yoast-schema-graph\">{\"@context\":\"https:\/\/schema.org\",\"@graph\":[{\"@type\":\"WebPage\",\"@id\":\"https:\/\/www.furacon.com.br\/es\/casos-de-exito\/\",\"url\":\"https:\/\/www.furacon.com.br\/es\/casos-de-exito\/\",\"name\":\"Casos - Furacon\",\"isPartOf\":{\"@id\":\"https:\/\/www.furacon.com.br\/#website\"},\"datePublished\":\"2024-06-04T09:49:20+00:00\",\"dateModified\":\"2025-07-17T20:05:53+00:00\",\"description\":\"Cases de sucesso: A Furacon possui 30 anos de experi\u00eancia em cortes e perfura\u00e7\u00f5es em concreto, demoli\u00e7\u00e3o controlada e manuten\u00e7\u00f5es industria...\",\"breadcrumb\":{\"@id\":\"https:\/\/www.furacon.com.br\/es\/casos-de-exito\/#breadcrumb\"},\"inLanguage\":\"es\",\"potentialAction\":[{\"@type\":\"ReadAction\",\"target\":[\"https:\/\/www.furacon.com.br\/es\/casos-de-exito\/\"]}]},{\"@type\":\"BreadcrumbList\",\"@id\":\"https:\/\/www.furacon.com.br\/es\/casos-de-exito\/#breadcrumb\",\"itemListElement\":[{\"@type\":\"ListItem\",\"position\":1,\"name\":\"In\u00edcio\",\"item\":\"https:\/\/www.furacon.com.br\/es\/\"},{\"@type\":\"ListItem\",\"position\":2,\"name\":\"Casos\"}]},{\"@type\":\"WebSite\",\"@id\":\"https:\/\/www.furacon.com.br\/#website\",\"url\":\"https:\/\/www.furacon.com.br\/\",\"name\":\"Furacon\",\"description\":\"Sistemas de cortes e perfura\u00e7\u00f5es em concreto ltda\",\"publisher\":{\"@id\":\"https:\/\/www.furacon.com.br\/#organization\"},\"potentialAction\":[{\"@type\":\"SearchAction\",\"target\":{\"@type\":\"EntryPoint\",\"urlTemplate\":\"https:\/\/www.furacon.com.br\/?s={search_term_string}\"},\"query-input\":{\"@type\":\"PropertyValueSpecification\",\"valueRequired\":true,\"valueName\":\"search_term_string\"}}],\"inLanguage\":\"es\"},{\"@type\":\"Organization\",\"@id\":\"https:\/\/www.furacon.com.br\/#organization\",\"name\":\"Furacon\",\"url\":\"https:\/\/www.furacon.com.br\/\",\"logo\":{\"@type\":\"ImageObject\",\"inLanguage\":\"es\",\"@id\":\"https:\/\/www.furacon.com.br\/#\/schema\/logo\/image\/\",\"url\":\"https:\/\/www.furacon.com.br\/wp-content\/uploads\/2024\/08\/new-logo-furacon.png\",\"contentUrl\":\"https:\/\/www.furacon.com.br\/wp-content\/uploads\/2024\/08\/new-logo-furacon.png\",\"width\":1746,\"height\":607,\"caption\":\"Furacon\"},\"image\":{\"@id\":\"https:\/\/www.furacon.com.br\/#\/schema\/logo\/image\/\"},\"sameAs\":[\"https:\/\/www.facebook.com\/Furacon\/\",\"https:\/\/www.instagram.com\/furaconltda\/\",\"https:\/\/www.linkedin.com\/company\/1363276\",\"https:\/\/www.youtube.com\/@Furacon_\"]}]}<\/script>\n<!-- \/ Yoast SEO plugin. -->","yoast_head_json":{"title":"Casos - Furacon","description":"Cases de sucesso: A Furacon possui 30 anos de experi\u00eancia em cortes e perfura\u00e7\u00f5es em concreto, demoli\u00e7\u00e3o controlada e manuten\u00e7\u00f5es industria...","robots":{"index":"index","follow":"follow","max-snippet":"max-snippet:-1","max-image-preview":"max-image-preview:large","max-video-preview":"max-video-preview:-1"},"canonical":"https:\/\/www.furacon.com.br\/es\/casos-de-exito\/","og_locale":"es_ES","og_type":"article","og_title":"Cases de sucesso","og_description":"Cases de sucesso: A Furacon possui 30 anos de experi\u00eancia em cortes e perfura\u00e7\u00f5es em concreto, demoli\u00e7\u00e3o controlada e manuten\u00e7\u00f5es industria...","og_url":"https:\/\/www.furacon.com.br\/es\/casos-de-exito\/","og_site_name":"Furacon","article_publisher":"https:\/\/www.facebook.com\/Furacon\/","article_modified_time":"2025-07-17T20:05:53+00:00","og_image":[{"width":800,"height":600,"url":"https:\/\/www.furacon.com.br\/wp-content\/uploads\/2024\/06\/Broca-de-Widea-15.jpg","type":"image\/jpeg"}],"twitter_card":"summary_large_image","twitter_title":"Cases de sucesso","twitter_description":"Cases de sucesso: A Furacon possui 30 anos de experi\u00eancia em cortes e perfura\u00e7\u00f5es em concreto, demoli\u00e7\u00e3o controlada e manuten\u00e7\u00f5es industria...","twitter_image":"https:\/\/www.furacon.com.br\/wp-content\/uploads\/2024\/06\/Broca-de-Widea-15.jpg","schema":{"@context":"https:\/\/schema.org","@graph":[{"@type":"WebPage","@id":"https:\/\/www.furacon.com.br\/es\/casos-de-exito\/","url":"https:\/\/www.furacon.com.br\/es\/casos-de-exito\/","name":"Casos - Furacon","isPartOf":{"@id":"https:\/\/www.furacon.com.br\/#website"},"datePublished":"2024-06-04T09:49:20+00:00","dateModified":"2025-07-17T20:05:53+00:00","description":"Cases de sucesso: A Furacon possui 30 anos de experi\u00eancia em cortes e perfura\u00e7\u00f5es em concreto, demoli\u00e7\u00e3o controlada e manuten\u00e7\u00f5es industria...","breadcrumb":{"@id":"https:\/\/www.furacon.com.br\/es\/casos-de-exito\/#breadcrumb"},"inLanguage":"es","potentialAction":[{"@type":"ReadAction","target":["https:\/\/www.furacon.com.br\/es\/casos-de-exito\/"]}]},{"@type":"BreadcrumbList","@id":"https:\/\/www.furacon.com.br\/es\/casos-de-exito\/#breadcrumb","itemListElement":[{"@type":"ListItem","position":1,"name":"In\u00edcio","item":"https:\/\/www.furacon.com.br\/es\/"},{"@type":"ListItem","position":2,"name":"Casos"}]},{"@type":"WebSite","@id":"https:\/\/www.furacon.com.br\/#website","url":"https:\/\/www.furacon.com.br\/","name":"Furacon","description":"Sistemas de cortes e perfura\u00e7\u00f5es em concreto ltda","publisher":{"@id":"https:\/\/www.furacon.com.br\/#organization"},"potentialAction":[{"@type":"SearchAction","target":{"@type":"EntryPoint","urlTemplate":"https:\/\/www.furacon.com.br\/?s={search_term_string}"},"query-input":{"@type":"PropertyValueSpecification","valueRequired":true,"valueName":"search_term_string"}}],"inLanguage":"es"},{"@type":"Organization","@id":"https:\/\/www.furacon.com.br\/#organization","name":"Furacon","url":"https:\/\/www.furacon.com.br\/","logo":{"@type":"ImageObject","inLanguage":"es","@id":"https:\/\/www.furacon.com.br\/#\/schema\/logo\/image\/","url":"https:\/\/www.furacon.com.br\/wp-content\/uploads\/2024\/08\/new-logo-furacon.png","contentUrl":"https:\/\/www.furacon.com.br\/wp-content\/uploads\/2024\/08\/new-logo-furacon.png","width":1746,"height":607,"caption":"Furacon"},"image":{"@id":"https:\/\/www.furacon.com.br\/#\/schema\/logo\/image\/"},"sameAs":["https:\/\/www.facebook.com\/Furacon\/","https:\/\/www.instagram.com\/furaconltda\/","https:\/\/www.linkedin.com\/company\/1363276","https:\/\/www.youtube.com\/@Furacon_"]}]}},"_links":{"self":[{"href":"https:\/\/www.furacon.com.br\/es\/wp-json\/wp\/v2\/pages\/3446","targetHints":{"allow":["GET"]}}],"collection":[{"href":"https:\/\/www.furacon.com.br\/es\/wp-json\/wp\/v2\/pages"}],"about":[{"href":"https:\/\/www.furacon.com.br\/es\/wp-json\/wp\/v2\/types\/page"}],"author":[{"embeddable":true,"href":"https:\/\/www.furacon.com.br\/es\/wp-json\/wp\/v2\/users\/1"}],"replies":[{"embeddable":true,"href":"https:\/\/www.furacon.com.br\/es\/wp-json\/wp\/v2\/comments?post=3446"}],"version-history":[{"count":4,"href":"https:\/\/www.furacon.com.br\/es\/wp-json\/wp\/v2\/pages\/3446\/revisions"}],"predecessor-version":[{"id":4579,"href":"https:\/\/www.furacon.com.br\/es\/wp-json\/wp\/v2\/pages\/3446\/revisions\/4579"}],"wp:attachment":[{"href":"https:\/\/www.furacon.com.br\/es\/wp-json\/wp\/v2\/media?parent=3446"}],"curies":[{"name":"wp","href":"https:\/\/api.w.org\/{rel}","templated":true}]}}