{"id":3447,"date":"2024-06-04T20:27:07","date_gmt":"2024-06-04T23:27:07","guid":{"rendered":"https:\/\/www.furacon.com.br\/contato\/"},"modified":"2025-07-17T17:21:51","modified_gmt":"2025-07-17T20:21:51","slug":"contactenos","status":"publish","type":"page","link":"https:\/\/www.furacon.com.br\/es\/contactenos\/","title":{"rendered":"Cont\u00e1ctenos"},"content":{"rendered":"","protected":false},"excerpt":{"rendered":"<p>La empresa cuenta con m\u00e1s de 400 equipos y centenas de trabajos realizados en todo Brasil y en otros certificaciones de capacitaci\u00f3n t\u00e9cnica y profesional y de calidad exigidas por nuestro mercado de trabajo. pa\u00edses de Am\u00e9rica del Sur, adem\u00e1s de las principales <\/p>\n","protected":false},"author":1,"featured_media":3449,"parent":0,"menu_order":0,"comment_status":"closed","ping_status":"closed","template":"page-templates\/template-contact.php","meta":{"footnotes":""},"class_list":["post-3447","page","type-page","status-publish","has-post-thumbnail","hentry"],"acf":[],"yoast_head":"<!-- This site is optimized with the Yoast SEO plugin v25.1 - https:\/\/yoast.com\/wordpress\/plugins\/seo\/ -->\n<title>Cont\u00e1ctenos - Furacon<\/title>\n<meta name=\"description\" content=\"Cont\u00e1ctenos: Fale conosco: La empresa cuenta con m\u00e1s de 400 equipos y centenas de trabajos realizados en todo Brasil y en otros certifica...\" \/>\n<meta name=\"robots\" content=\"index, follow, max-snippet:-1, max-image-preview:large, max-video-preview:-1\" \/>\n<link rel=\"canonical\" href=\"https:\/\/www.furacon.com.br\/es\/contactenos\/\" \/>\n<meta property=\"og:locale\" content=\"es_ES\" \/>\n<meta property=\"og:type\" content=\"article\" \/>\n<meta property=\"og:title\" content=\"Fale conosco\" \/>\n<meta property=\"og:description\" content=\"Fale conosco: Tem um projeto em mente? N\u00f3s realizamos! A empresa possui mais de 400 equipamentos e centenas de obras realizadas em todo...\" \/>\n<meta property=\"og:url\" content=\"https:\/\/www.furacon.com.br\/es\/contactenos\/\" \/>\n<meta property=\"og:site_name\" content=\"Furacon\" \/>\n<meta property=\"article:publisher\" content=\"https:\/\/www.facebook.com\/Furacon\/\" \/>\n<meta property=\"article:modified_time\" content=\"2025-07-17T20:21:51+00:00\" \/>\n<meta property=\"og:image\" content=\"https:\/\/www.furacon.com.br\/wp-content\/uploads\/2024\/07\/WhatsApp-Image-2022-10-17-at-17.28.05-1-e1720709138593.jpeg\" \/>\n\t<meta property=\"og:image:width\" content=\"861\" \/>\n\t<meta property=\"og:image:height\" content=\"728\" \/>\n\t<meta property=\"og:image:type\" content=\"image\/jpeg\" \/>\n<meta name=\"twitter:card\" content=\"summary_large_image\" \/>\n<meta name=\"twitter:title\" content=\"Fale conosco\" \/>\n<meta name=\"twitter:description\" content=\"Fale conosco: Tem um projeto em mente? N\u00f3s realizamos! A empresa possui mais de 400 equipamentos e centenas de obras realizadas em todo...\" \/>\n<meta name=\"twitter:image\" content=\"https:\/\/www.furacon.com.br\/wp-content\/uploads\/2024\/07\/WhatsApp-Image-2022-10-17-at-17.28.05-1-e1720709138593.jpeg\" \/>\n<meta name=\"twitter:label1\" content=\"Tiempo de lectura\" \/>\n\t<meta name=\"twitter:data1\" content=\"1 minuto\" \/>\n<script type=\"application\/ld+json\" class=\"yoast-schema-graph\">{\"@context\":\"https:\/\/schema.org\",\"@graph\":[{\"@type\":\"WebPage\",\"@id\":\"https:\/\/www.furacon.com.br\/es\/contactenos\/\",\"url\":\"https:\/\/www.furacon.com.br\/es\/contactenos\/\",\"name\":\"Cont\u00e1ctenos - Furacon\",\"isPartOf\":{\"@id\":\"https:\/\/www.furacon.com.br\/#website\"},\"primaryImageOfPage\":{\"@id\":\"https:\/\/www.furacon.com.br\/es\/contactenos\/#primaryimage\"},\"image\":{\"@id\":\"https:\/\/www.furacon.com.br\/es\/contactenos\/#primaryimage\"},\"thumbnailUrl\":\"https:\/\/www.furacon.com.br\/wp-content\/uploads\/2025\/02\/contato-furacon-1.jpeg\",\"datePublished\":\"2024-06-04T23:27:07+00:00\",\"dateModified\":\"2025-07-17T20:21:51+00:00\",\"description\":\"Cont\u00e1ctenos: Fale conosco: La empresa cuenta con m\u00e1s de 400 equipos y centenas de trabajos realizados en todo Brasil y en otros certifica...\",\"breadcrumb\":{\"@id\":\"https:\/\/www.furacon.com.br\/es\/contactenos\/#breadcrumb\"},\"inLanguage\":\"es\",\"potentialAction\":[{\"@type\":\"ReadAction\",\"target\":[\"https:\/\/www.furacon.com.br\/es\/contactenos\/\"]}]},{\"@type\":\"ImageObject\",\"inLanguage\":\"es\",\"@id\":\"https:\/\/www.furacon.com.br\/es\/contactenos\/#primaryimage\",\"url\":\"https:\/\/www.furacon.com.br\/wp-content\/uploads\/2025\/02\/contato-furacon-1.jpeg\",\"contentUrl\":\"https:\/\/www.furacon.com.br\/wp-content\/uploads\/2025\/02\/contato-furacon-1.jpeg\",\"width\":861,\"height\":728,\"caption\":\"Contato Furacon\"},{\"@type\":\"BreadcrumbList\",\"@id\":\"https:\/\/www.furacon.com.br\/es\/contactenos\/#breadcrumb\",\"itemListElement\":[{\"@type\":\"ListItem\",\"position\":1,\"name\":\"In\u00edcio\",\"item\":\"https:\/\/www.furacon.com.br\/es\/\"},{\"@type\":\"ListItem\",\"position\":2,\"name\":\"Cont\u00e1ctenos\"}]},{\"@type\":\"WebSite\",\"@id\":\"https:\/\/www.furacon.com.br\/#website\",\"url\":\"https:\/\/www.furacon.com.br\/\",\"name\":\"Furacon\",\"description\":\"Sistemas de cortes e perfura\u00e7\u00f5es em concreto ltda\",\"publisher\":{\"@id\":\"https:\/\/www.furacon.com.br\/#organization\"},\"potentialAction\":[{\"@type\":\"SearchAction\",\"target\":{\"@type\":\"EntryPoint\",\"urlTemplate\":\"https:\/\/www.furacon.com.br\/?s={search_term_string}\"},\"query-input\":{\"@type\":\"PropertyValueSpecification\",\"valueRequired\":true,\"valueName\":\"search_term_string\"}}],\"inLanguage\":\"es\"},{\"@type\":\"Organization\",\"@id\":\"https:\/\/www.furacon.com.br\/#organization\",\"name\":\"Furacon\",\"url\":\"https:\/\/www.furacon.com.br\/\",\"logo\":{\"@type\":\"ImageObject\",\"inLanguage\":\"es\",\"@id\":\"https:\/\/www.furacon.com.br\/#\/schema\/logo\/image\/\",\"url\":\"https:\/\/www.furacon.com.br\/wp-content\/uploads\/2024\/08\/new-logo-furacon.png\",\"contentUrl\":\"https:\/\/www.furacon.com.br\/wp-content\/uploads\/2024\/08\/new-logo-furacon.png\",\"width\":1746,\"height\":607,\"caption\":\"Furacon\"},\"image\":{\"@id\":\"https:\/\/www.furacon.com.br\/#\/schema\/logo\/image\/\"},\"sameAs\":[\"https:\/\/www.facebook.com\/Furacon\/\",\"https:\/\/www.instagram.com\/furaconltda\/\",\"https:\/\/www.linkedin.com\/company\/1363276\",\"https:\/\/www.youtube.com\/@Furacon_\"]}]}<\/script>\n<!-- \/ Yoast SEO plugin. -->","yoast_head_json":{"title":"Cont\u00e1ctenos - Furacon","description":"Cont\u00e1ctenos: Fale conosco: La empresa cuenta con m\u00e1s de 400 equipos y centenas de trabajos realizados en todo Brasil y en otros certifica...","robots":{"index":"index","follow":"follow","max-snippet":"max-snippet:-1","max-image-preview":"max-image-preview:large","max-video-preview":"max-video-preview:-1"},"canonical":"https:\/\/www.furacon.com.br\/es\/contactenos\/","og_locale":"es_ES","og_type":"article","og_title":"Fale conosco","og_description":"Fale conosco: Tem um projeto em mente? N\u00f3s realizamos! A empresa possui mais de 400 equipamentos e centenas de obras realizadas em todo...","og_url":"https:\/\/www.furacon.com.br\/es\/contactenos\/","og_site_name":"Furacon","article_publisher":"https:\/\/www.facebook.com\/Furacon\/","article_modified_time":"2025-07-17T20:21:51+00:00","og_image":[{"width":861,"height":728,"url":"https:\/\/www.furacon.com.br\/wp-content\/uploads\/2024\/07\/WhatsApp-Image-2022-10-17-at-17.28.05-1-e1720709138593.jpeg","type":"image\/jpeg"}],"twitter_card":"summary_large_image","twitter_title":"Fale conosco","twitter_description":"Fale conosco: Tem um projeto em mente? N\u00f3s realizamos! A empresa possui mais de 400 equipamentos e centenas de obras realizadas em todo...","twitter_image":"https:\/\/www.furacon.com.br\/wp-content\/uploads\/2024\/07\/WhatsApp-Image-2022-10-17-at-17.28.05-1-e1720709138593.jpeg","twitter_misc":{"Tiempo de lectura":"1 minuto"},"schema":{"@context":"https:\/\/schema.org","@graph":[{"@type":"WebPage","@id":"https:\/\/www.furacon.com.br\/es\/contactenos\/","url":"https:\/\/www.furacon.com.br\/es\/contactenos\/","name":"Cont\u00e1ctenos - Furacon","isPartOf":{"@id":"https:\/\/www.furacon.com.br\/#website"},"primaryImageOfPage":{"@id":"https:\/\/www.furacon.com.br\/es\/contactenos\/#primaryimage"},"image":{"@id":"https:\/\/www.furacon.com.br\/es\/contactenos\/#primaryimage"},"thumbnailUrl":"https:\/\/www.furacon.com.br\/wp-content\/uploads\/2025\/02\/contato-furacon-1.jpeg","datePublished":"2024-06-04T23:27:07+00:00","dateModified":"2025-07-17T20:21:51+00:00","description":"Cont\u00e1ctenos: Fale conosco: La empresa cuenta con m\u00e1s de 400 equipos y centenas de trabajos realizados en todo Brasil y en otros certifica...","breadcrumb":{"@id":"https:\/\/www.furacon.com.br\/es\/contactenos\/#breadcrumb"},"inLanguage":"es","potentialAction":[{"@type":"ReadAction","target":["https:\/\/www.furacon.com.br\/es\/contactenos\/"]}]},{"@type":"ImageObject","inLanguage":"es","@id":"https:\/\/www.furacon.com.br\/es\/contactenos\/#primaryimage","url":"https:\/\/www.furacon.com.br\/wp-content\/uploads\/2025\/02\/contato-furacon-1.jpeg","contentUrl":"https:\/\/www.furacon.com.br\/wp-content\/uploads\/2025\/02\/contato-furacon-1.jpeg","width":861,"height":728,"caption":"Contato Furacon"},{"@type":"BreadcrumbList","@id":"https:\/\/www.furacon.com.br\/es\/contactenos\/#breadcrumb","itemListElement":[{"@type":"ListItem","position":1,"name":"In\u00edcio","item":"https:\/\/www.furacon.com.br\/es\/"},{"@type":"ListItem","position":2,"name":"Cont\u00e1ctenos"}]},{"@type":"WebSite","@id":"https:\/\/www.furacon.com.br\/#website","url":"https:\/\/www.furacon.com.br\/","name":"Furacon","description":"Sistemas de cortes e perfura\u00e7\u00f5es em concreto ltda","publisher":{"@id":"https:\/\/www.furacon.com.br\/#organization"},"potentialAction":[{"@type":"SearchAction","target":{"@type":"EntryPoint","urlTemplate":"https:\/\/www.furacon.com.br\/?s={search_term_string}"},"query-input":{"@type":"PropertyValueSpecification","valueRequired":true,"valueName":"search_term_string"}}],"inLanguage":"es"},{"@type":"Organization","@id":"https:\/\/www.furacon.com.br\/#organization","name":"Furacon","url":"https:\/\/www.furacon.com.br\/","logo":{"@type":"ImageObject","inLanguage":"es","@id":"https:\/\/www.furacon.com.br\/#\/schema\/logo\/image\/","url":"https:\/\/www.furacon.com.br\/wp-content\/uploads\/2024\/08\/new-logo-furacon.png","contentUrl":"https:\/\/www.furacon.com.br\/wp-content\/uploads\/2024\/08\/new-logo-furacon.png","width":1746,"height":607,"caption":"Furacon"},"image":{"@id":"https:\/\/www.furacon.com.br\/#\/schema\/logo\/image\/"},"sameAs":["https:\/\/www.facebook.com\/Furacon\/","https:\/\/www.instagram.com\/furaconltda\/","https:\/\/www.linkedin.com\/company\/1363276","https:\/\/www.youtube.com\/@Furacon_"]}]}},"_links":{"self":[{"href":"https:\/\/www.furacon.com.br\/es\/wp-json\/wp\/v2\/pages\/3447","targetHints":{"allow":["GET"]}}],"collection":[{"href":"https:\/\/www.furacon.com.br\/es\/wp-json\/wp\/v2\/pages"}],"about":[{"href":"https:\/\/www.furacon.com.br\/es\/wp-json\/wp\/v2\/types\/page"}],"author":[{"embeddable":true,"href":"https:\/\/www.furacon.com.br\/es\/wp-json\/wp\/v2\/users\/1"}],"replies":[{"embeddable":true,"href":"https:\/\/www.furacon.com.br\/es\/wp-json\/wp\/v2\/comments?post=3447"}],"version-history":[{"count":3,"href":"https:\/\/www.furacon.com.br\/es\/wp-json\/wp\/v2\/pages\/3447\/revisions"}],"predecessor-version":[{"id":4588,"href":"https:\/\/www.furacon.com.br\/es\/wp-json\/wp\/v2\/pages\/3447\/revisions\/4588"}],"wp:featuredmedia":[{"embeddable":true,"href":"https:\/\/www.furacon.com.br\/es\/wp-json\/wp\/v2\/media\/3449"}],"wp:attachment":[{"href":"https:\/\/www.furacon.com.br\/es\/wp-json\/wp\/v2\/media?parent=3447"}],"curies":[{"name":"wp","href":"https:\/\/api.w.org\/{rel}","templated":true}]}}