{"id":3452,"date":"2024-06-01T05:37:14","date_gmt":"2024-06-01T08:37:14","guid":{"rendered":"https:\/\/www.furacon.com.br\/politica-de-privacidade\/"},"modified":"2025-07-17T17:41:43","modified_gmt":"2025-07-17T20:41:43","slug":"politica-de-privacidad","status":"publish","type":"page","link":"https:\/\/www.furacon.com.br\/es\/politica-de-privacidad\/","title":{"rendered":"Pol\u00edtica de privacidad"},"content":{"rendered":"\r\n<h2 class=\"wp-block-heading\">Qui\u00e9nes somos<\/h2>\r\n\r\n\r\n\r\n<p>La direcci\u00f3n de nuestro sitio web es: https:\/\/www.furacon.com.br.<\/p>\r\n\r\n\r\n\r\n<h2 class=\"wp-block-heading\">Comentarios<\/h2>\r\n\r\n\r\n\r\n<p>Cuando los visitantes dejan comentarios en el sitio, recogemos los datos que aparecen en el formulario de comentarios, as\u00ed como la direcci\u00f3n IP y los datos del navegador del visitante, para ayudar a detectar el spam.<\/p>\r\n<p>Se puede enviar a Gravatar una cadena anonimizada de caracteres creada a partir de tu correo electr\u00f3nico (tambi\u00e9n llamada hash) para verificar que utilizas el servicio. La pol\u00edtica de privacidad de Gravatar est\u00e1 disponible aqu\u00ed: https:\/\/automattic.com\/privacy\/. Una vez que tu comentario ha sido aprobado, tu foto de perfil es visible p\u00fablicamente junto a tu comentario.<\/p>\r\n\r\n\r\n\r\n<h2 class=\"wp-block-heading\">Multimedia<\/h2>\r\n\r\n\r\n\r\n<p>Si subes im\u00e1genes al sitio, evita subir im\u00e1genes que contengan datos de localizaci\u00f3n incrustados (EXIF GPS). Los visitantes pueden descargar estas im\u00e1genes del sitio y extraer de ellas sus datos de localizaci\u00f3n.<\/p>\r\n\r\n\r\n\r\n<h2 class=\"wp-block-heading\">Cookies<\/h2>\r\n\r\n\r\n\r\n<p>Cuando deja un comentario en el sitio, puede elegir guardar su nombre, direcci\u00f3n de correo electr\u00f3nico y sitio web en cookies. Esto es para su comodidad, para que no tenga que rellenar sus datos de nuevo cuando haga otro comentario. Estas cookies duran un a\u00f1o.<\/p>\r\n<p>Si tiene una cuenta y accede a este sitio, se crear\u00e1 una cookie temporal para determinar si su navegador acepta cookies. No contiene ning\u00fan dato personal y se desechar\u00e1 cuando cierre el navegador.<\/p>\r\n<p>Cuando accede a su cuenta en el sitio, tambi\u00e9n creamos varias cookies para guardar los datos de su cuenta y sus elecciones de visualizaci\u00f3n en pantalla. Las cookies de inicio de sesi\u00f3n se mantienen durante dos d\u00edas y las de elecci\u00f3n de pantalla durante un a\u00f1o. Si selecciona \u00abRecordarme\u00bb, su acceso se mantendr\u00e1 durante dos semanas. Si cierra la sesi\u00f3n de su cuenta, se eliminar\u00e1n las cookies de inicio de sesi\u00f3n.<\/p>\r\n<p>Si edita o publica un art\u00edculo, se guardar\u00e1 una cookie adicional en su navegador. Esta cookie no incluye ning\u00fan dato personal y se limita a indicar el ID de publicaci\u00f3n del art\u00edculo que acaba de editar. Caduca al cabo de 1 d\u00eda.<\/p>\r\n\r\n\r\n\r\n<h2 class=\"wp-block-heading\"><br \/>Medios incrustados de otros sitios<\/h2>\r\n\r\n\r\n\r\n<p>Artigos neste site podem incluir conte\u00fado incorporado como, por exemplo, v\u00eddeos, imagens, artigos, etc. Conte\u00fados incorporados de outros sites se comportam exatamente da mesma forma como se o visitante estivesse visitando o outro site.<\/p>\r\n\r\n\r\n\r\n<p>Estes sites podem coletar dados sobre voc\u00ea, usar cookies, incorporar rastreamento adicional de terceiros e monitorar sua intera\u00e7\u00e3o com este conte\u00fado incorporado, incluindo sua intera\u00e7\u00e3o com o conte\u00fado incorporado se voc\u00ea tem uma conta e est\u00e1 conectado com o site.<\/p>\r\n\r\n\r\n\r\n<h2 class=\"wp-block-heading\">Com quem compartilhamos seus dados<\/h2>\r\n\r\n\r\n\r\n<p>Se voc\u00ea solicitar uma redefini\u00e7\u00e3o de senha, seu endere\u00e7o de IP ser\u00e1 inclu\u00eddo no e-mail de redefini\u00e7\u00e3o de senha.<\/p>\r\n\r\n\r\n\r\n<h2 class=\"wp-block-heading\">Por quanto tempo mantemos os seus dados<\/h2>\r\n\r\n\r\n\r\n<p>Los art\u00edculos de este sitio pueden incluir contenido incrustado, como v\u00eddeos, im\u00e1genes, art\u00edculos, etc. El contenido incrustado de otros sitios se comporta exactamente igual que si el visitante estuviera visitando el otro sitio.<\/p>\r\n<p>Estos sitios pueden recopilar datos sobre usted, utilizar cookies, incrustar seguimiento adicional de terceros y supervisar su interacci\u00f3n con este contenido incrustado, incluida su interacci\u00f3n con el contenido incrustado si tiene una cuenta y ha iniciado sesi\u00f3n en el sitio.<\/p>\r\n\r\n\r\n\r\n<h2 class=\"wp-block-heading\">Con qui\u00e9n compartimos sus datos<\/h2>\r\n\r\n\r\n\r\n<p>Si solicita un restablecimiento de contrase\u00f1a, su direcci\u00f3n IP se incluir\u00e1 en el correo electr\u00f3nico de restablecimiento de contrase\u00f1a.<\/p>\r\n\r\n\r\n\r\n<h2 class=\"wp-block-heading\">Cu\u00e1nto tiempo conservamos sus datos<\/h2>\r\n\r\n\r\n\r\n<p>Si deja un comentario, el comentario y sus metadatos se conservan indefinidamente. Hacemos esto para poder reconocer y aprobar autom\u00e1ticamente cualquier comentario posterior en lugar de retenerlos para su moderaci\u00f3n.<\/p>\r\n<p>Para los usuarios que se registran en nuestro sitio (si los hay), tambi\u00e9n almacenamos la informaci\u00f3n personal que proporcionan en su perfil de usuario. Todos los usuarios pueden ver, editar o borrar su informaci\u00f3n personal en cualquier momento (s\u00f3lo su nombre de usuario no se puede cambiar). Los administradores del sitio tambi\u00e9n pueden ver y editar esta informaci\u00f3n.<\/p>\r\n<p>&nbsp;<\/p>\r\n<h2 class=\"wp-block-heading\">Qu\u00e9 derechos tiene sobre sus datosC<\/h2>\r\n<p>Si tiene una cuenta en este sitio o ha dejado comentarios, puede solicitar un archivo exportado de los datos personales que tenemos sobre usted, incluidos los que nos haya facilitado. Tambi\u00e9n puede solicitar que eliminemos cualquier dato personal que tengamos sobre usted. Esto no incluye los datos que estamos obligados a conservar por motivos administrativos, legales o de seguridad.<\/p>\r\n<h2 class=\"wp-block-heading\">D\u00f3nde se env\u00edan sus datos<\/h2>\r\n<p>Los comentarios de los visitantes pueden ser marcados por un servicio autom\u00e1tico de detecci\u00f3n de spam.<\/p>\r\n\r\n<p>&nbsp;<\/p>","protected":false},"excerpt":{"rendered":"<p>Qui\u00e9nes somos La direcci\u00f3n de nuestro sitio web es: https:\/\/www.furacon.com.br. Comentarios Cuando los visitantes dejan comentarios en el sitio, recogemos los datos que aparecen en el formulario de comentarios, as\u00ed como la direcci\u00f3n IP y los datos del navegador del visitante, para ayudar a detectar el spam. Se puede enviar [&hellip;]<\/p>\n","protected":false},"author":1,"featured_media":0,"parent":0,"menu_order":0,"comment_status":"closed","ping_status":"closed","template":"","meta":{"footnotes":""},"class_list":["post-3452","page","type-page","status-publish","hentry"],"acf":[],"yoast_head":"<!-- This site is optimized with the Yoast SEO plugin v25.1 - https:\/\/yoast.com\/wordpress\/plugins\/seo\/ -->\n<title>Pol\u00edtica de privacidad - Furacon<\/title>\n<meta name=\"description\" content=\"Pol\u00edtica de privacidade: Quando os visitantes deixam coment\u00e1rios no site, coletamos os dados mostrados no formul\u00e1rio de coment\u00e1rios, al\u00e9m...\" \/>\n<meta name=\"robots\" content=\"index, follow, max-snippet:-1, max-image-preview:large, max-video-preview:-1\" \/>\n<link rel=\"canonical\" href=\"https:\/\/www.furacon.com.br\/es\/politica-de-privacidad\/\" \/>\n<meta property=\"og:locale\" content=\"es_ES\" \/>\n<meta property=\"og:type\" content=\"article\" \/>\n<meta property=\"og:title\" content=\"Pol\u00edtica de privacidad - Furacon\" \/>\n<meta property=\"og:description\" content=\"Pol\u00edtica de privacidade: Quando os visitantes deixam coment\u00e1rios no site, coletamos os dados mostrados no formul\u00e1rio de coment\u00e1rios, al\u00e9m...\" \/>\n<meta property=\"og:url\" content=\"https:\/\/www.furacon.com.br\/es\/politica-de-privacidad\/\" \/>\n<meta property=\"og:site_name\" content=\"Furacon\" \/>\n<meta property=\"article:publisher\" content=\"https:\/\/www.facebook.com\/Furacon\/\" \/>\n<meta property=\"article:modified_time\" content=\"2025-07-17T20:41:43+00:00\" \/>\n<meta name=\"twitter:card\" content=\"summary_large_image\" \/>\n<meta name=\"twitter:label1\" content=\"Tiempo de lectura\" \/>\n\t<meta name=\"twitter:data1\" content=\"4 minutos\" \/>\n<script type=\"application\/ld+json\" class=\"yoast-schema-graph\">{\"@context\":\"https:\/\/schema.org\",\"@graph\":[{\"@type\":\"WebPage\",\"@id\":\"https:\/\/www.furacon.com.br\/es\/politica-de-privacidad\/\",\"url\":\"https:\/\/www.furacon.com.br\/es\/politica-de-privacidad\/\",\"name\":\"Pol\u00edtica de privacidad - Furacon\",\"isPartOf\":{\"@id\":\"https:\/\/www.furacon.com.br\/#website\"},\"datePublished\":\"2024-06-01T08:37:14+00:00\",\"dateModified\":\"2025-07-17T20:41:43+00:00\",\"description\":\"Pol\u00edtica de privacidade: Quando os visitantes deixam coment\u00e1rios no site, coletamos os dados mostrados no formul\u00e1rio de coment\u00e1rios, al\u00e9m...\",\"breadcrumb\":{\"@id\":\"https:\/\/www.furacon.com.br\/es\/politica-de-privacidad\/#breadcrumb\"},\"inLanguage\":\"es\",\"potentialAction\":[{\"@type\":\"ReadAction\",\"target\":[\"https:\/\/www.furacon.com.br\/es\/politica-de-privacidad\/\"]}]},{\"@type\":\"BreadcrumbList\",\"@id\":\"https:\/\/www.furacon.com.br\/es\/politica-de-privacidad\/#breadcrumb\",\"itemListElement\":[{\"@type\":\"ListItem\",\"position\":1,\"name\":\"In\u00edcio\",\"item\":\"https:\/\/www.furacon.com.br\/es\/\"},{\"@type\":\"ListItem\",\"position\":2,\"name\":\"Pol\u00edtica de privacidad\"}]},{\"@type\":\"WebSite\",\"@id\":\"https:\/\/www.furacon.com.br\/#website\",\"url\":\"https:\/\/www.furacon.com.br\/\",\"name\":\"Furacon\",\"description\":\"Sistemas de cortes e perfura\u00e7\u00f5es em concreto ltda\",\"publisher\":{\"@id\":\"https:\/\/www.furacon.com.br\/#organization\"},\"potentialAction\":[{\"@type\":\"SearchAction\",\"target\":{\"@type\":\"EntryPoint\",\"urlTemplate\":\"https:\/\/www.furacon.com.br\/?s={search_term_string}\"},\"query-input\":{\"@type\":\"PropertyValueSpecification\",\"valueRequired\":true,\"valueName\":\"search_term_string\"}}],\"inLanguage\":\"es\"},{\"@type\":\"Organization\",\"@id\":\"https:\/\/www.furacon.com.br\/#organization\",\"name\":\"Furacon\",\"url\":\"https:\/\/www.furacon.com.br\/\",\"logo\":{\"@type\":\"ImageObject\",\"inLanguage\":\"es\",\"@id\":\"https:\/\/www.furacon.com.br\/#\/schema\/logo\/image\/\",\"url\":\"https:\/\/www.furacon.com.br\/wp-content\/uploads\/2024\/08\/new-logo-furacon.png\",\"contentUrl\":\"https:\/\/www.furacon.com.br\/wp-content\/uploads\/2024\/08\/new-logo-furacon.png\",\"width\":1746,\"height\":607,\"caption\":\"Furacon\"},\"image\":{\"@id\":\"https:\/\/www.furacon.com.br\/#\/schema\/logo\/image\/\"},\"sameAs\":[\"https:\/\/www.facebook.com\/Furacon\/\",\"https:\/\/www.instagram.com\/furaconltda\/\",\"https:\/\/www.linkedin.com\/company\/1363276\",\"https:\/\/www.youtube.com\/@Furacon_\"]}]}<\/script>\n<!-- \/ Yoast SEO plugin. -->","yoast_head_json":{"title":"Pol\u00edtica de privacidad - Furacon","description":"Pol\u00edtica de privacidade: Quando os visitantes deixam coment\u00e1rios no site, coletamos os dados mostrados no formul\u00e1rio de coment\u00e1rios, al\u00e9m...","robots":{"index":"index","follow":"follow","max-snippet":"max-snippet:-1","max-image-preview":"max-image-preview:large","max-video-preview":"max-video-preview:-1"},"canonical":"https:\/\/www.furacon.com.br\/es\/politica-de-privacidad\/","og_locale":"es_ES","og_type":"article","og_title":"Pol\u00edtica de privacidad - Furacon","og_description":"Pol\u00edtica de privacidade: Quando os visitantes deixam coment\u00e1rios no site, coletamos os dados mostrados no formul\u00e1rio de coment\u00e1rios, al\u00e9m...","og_url":"https:\/\/www.furacon.com.br\/es\/politica-de-privacidad\/","og_site_name":"Furacon","article_publisher":"https:\/\/www.facebook.com\/Furacon\/","article_modified_time":"2025-07-17T20:41:43+00:00","twitter_card":"summary_large_image","twitter_misc":{"Tiempo de lectura":"4 minutos"},"schema":{"@context":"https:\/\/schema.org","@graph":[{"@type":"WebPage","@id":"https:\/\/www.furacon.com.br\/es\/politica-de-privacidad\/","url":"https:\/\/www.furacon.com.br\/es\/politica-de-privacidad\/","name":"Pol\u00edtica de privacidad - Furacon","isPartOf":{"@id":"https:\/\/www.furacon.com.br\/#website"},"datePublished":"2024-06-01T08:37:14+00:00","dateModified":"2025-07-17T20:41:43+00:00","description":"Pol\u00edtica de privacidade: Quando os visitantes deixam coment\u00e1rios no site, coletamos os dados mostrados no formul\u00e1rio de coment\u00e1rios, al\u00e9m...","breadcrumb":{"@id":"https:\/\/www.furacon.com.br\/es\/politica-de-privacidad\/#breadcrumb"},"inLanguage":"es","potentialAction":[{"@type":"ReadAction","target":["https:\/\/www.furacon.com.br\/es\/politica-de-privacidad\/"]}]},{"@type":"BreadcrumbList","@id":"https:\/\/www.furacon.com.br\/es\/politica-de-privacidad\/#breadcrumb","itemListElement":[{"@type":"ListItem","position":1,"name":"In\u00edcio","item":"https:\/\/www.furacon.com.br\/es\/"},{"@type":"ListItem","position":2,"name":"Pol\u00edtica de privacidad"}]},{"@type":"WebSite","@id":"https:\/\/www.furacon.com.br\/#website","url":"https:\/\/www.furacon.com.br\/","name":"Furacon","description":"Sistemas de cortes e perfura\u00e7\u00f5es em concreto ltda","publisher":{"@id":"https:\/\/www.furacon.com.br\/#organization"},"potentialAction":[{"@type":"SearchAction","target":{"@type":"EntryPoint","urlTemplate":"https:\/\/www.furacon.com.br\/?s={search_term_string}"},"query-input":{"@type":"PropertyValueSpecification","valueRequired":true,"valueName":"search_term_string"}}],"inLanguage":"es"},{"@type":"Organization","@id":"https:\/\/www.furacon.com.br\/#organization","name":"Furacon","url":"https:\/\/www.furacon.com.br\/","logo":{"@type":"ImageObject","inLanguage":"es","@id":"https:\/\/www.furacon.com.br\/#\/schema\/logo\/image\/","url":"https:\/\/www.furacon.com.br\/wp-content\/uploads\/2024\/08\/new-logo-furacon.png","contentUrl":"https:\/\/www.furacon.com.br\/wp-content\/uploads\/2024\/08\/new-logo-furacon.png","width":1746,"height":607,"caption":"Furacon"},"image":{"@id":"https:\/\/www.furacon.com.br\/#\/schema\/logo\/image\/"},"sameAs":["https:\/\/www.facebook.com\/Furacon\/","https:\/\/www.instagram.com\/furaconltda\/","https:\/\/www.linkedin.com\/company\/1363276","https:\/\/www.youtube.com\/@Furacon_"]}]}},"_links":{"self":[{"href":"https:\/\/www.furacon.com.br\/es\/wp-json\/wp\/v2\/pages\/3452","targetHints":{"allow":["GET"]}}],"collection":[{"href":"https:\/\/www.furacon.com.br\/es\/wp-json\/wp\/v2\/pages"}],"about":[{"href":"https:\/\/www.furacon.com.br\/es\/wp-json\/wp\/v2\/types\/page"}],"author":[{"embeddable":true,"href":"https:\/\/www.furacon.com.br\/es\/wp-json\/wp\/v2\/users\/1"}],"replies":[{"embeddable":true,"href":"https:\/\/www.furacon.com.br\/es\/wp-json\/wp\/v2\/comments?post=3452"}],"version-history":[{"count":2,"href":"https:\/\/www.furacon.com.br\/es\/wp-json\/wp\/v2\/pages\/3452\/revisions"}],"predecessor-version":[{"id":4590,"href":"https:\/\/www.furacon.com.br\/es\/wp-json\/wp\/v2\/pages\/3452\/revisions\/4590"}],"wp:attachment":[{"href":"https:\/\/www.furacon.com.br\/es\/wp-json\/wp\/v2\/media?parent=3452"}],"curies":[{"name":"wp","href":"https:\/\/api.w.org\/{rel}","templated":true}]}}