{"id":4865,"date":"2025-12-05T19:14:48","date_gmt":"2025-12-05T22:14:48","guid":{"rendered":"https:\/\/www.furacon.com.br\/furacon-25-30-project-evolve\/"},"modified":"2025-12-09T17:18:36","modified_gmt":"2025-12-09T20:18:36","slug":"furacon-25-30-project-evolve","status":"publish","type":"page","link":"https:\/\/www.furacon.com.br\/es\/furacon-25-30-project-evolve\/","title":{"rendered":"Proyecto Evolucionar"},"content":{"rendered":"<p data-start=\"245\" data-end=\"528\">Nuestro proyecto representa algo mucho m\u00e1s grande que una simple lista de objetivos o un plan de crecimiento. Estamos en un camino hecho de personas. Construido a partir de cada historia, cada talento y cada esfuerzo que, sumado al esfuerzo de los dem\u00e1s, forma la Furacon del ma\u00f1ana. Nuestro futuro no ser\u00e1 fruto del azar. Ser\u00e1 el resultado de planificaci\u00f3n, dedicaci\u00f3n, aprendizaje continuo y, sobre todo, de la uni\u00f3n de todos nosotros. Cada departamento, cada funci\u00f3n y cada colaborador es una pieza esencial en este movimiento. El nombre de este proyecto es m\u00e1s que un t\u00edtulo. Es una invitaci\u00f3n: un llamado para que cada uno de nosotros se reconozca como parte fundamental de este camino. Miremos hacia adelante, tracemos juntos la ruta y construyamos una Furacon a\u00fan m\u00e1s fuerte, m\u00e1s humana y preparada para los pr\u00f3ximos a\u00f1os.<\/p>\n<p data-start=\"1078\" data-end=\"1095\">Contamos contigo.<\/p>\n<p data-start=\"1097\" data-end=\"1137\">FURACON 25\u201330 \u2013 Proyecto Evolucionar<\/p>\n","protected":false},"excerpt":{"rendered":"<p>Nuestro proyecto representa algo mucho m\u00e1s grande que una simple lista de objetivos o un plan de crecimiento. Estamos en un camino construido por personas: formado por cada historia, cada talento\u2026<\/p>\n","protected":false},"author":1,"featured_media":0,"parent":0,"menu_order":0,"comment_status":"closed","ping_status":"closed","template":"page-templates\/template-project.php","meta":{"footnotes":""},"class_list":["post-4865","page","type-page","status-publish","hentry"],"acf":[],"yoast_head":"<!-- This site is optimized with the Yoast SEO plugin v25.1 - https:\/\/yoast.com\/wordpress\/plugins\/seo\/ -->\n<title>Proyecto Evolucionar - Furacon<\/title>\n<meta name=\"description\" content=\"Projeto Evoluir: Nosso projeto representa algo muito maior do que um simples plano de metas ou um projeto de crescimento. Estamos em uma...\" \/>\n<meta name=\"robots\" content=\"index, follow, max-snippet:-1, max-image-preview:large, max-video-preview:-1\" \/>\n<link rel=\"canonical\" href=\"https:\/\/www.furacon.com.br\/es\/furacon-25-30-project-evolve\/\" \/>\n<meta property=\"og:locale\" content=\"es_ES\" \/>\n<meta property=\"og:type\" content=\"article\" \/>\n<meta property=\"og:title\" content=\"Proyecto Evolucionar - Furacon\" \/>\n<meta property=\"og:description\" content=\"Projeto Evoluir: Nosso projeto representa algo muito maior do que um simples plano de metas ou um projeto de crescimento. Estamos em uma...\" \/>\n<meta property=\"og:url\" content=\"https:\/\/www.furacon.com.br\/es\/furacon-25-30-project-evolve\/\" \/>\n<meta property=\"og:site_name\" content=\"Furacon\" \/>\n<meta property=\"article:publisher\" content=\"https:\/\/www.facebook.com\/Furacon\/\" \/>\n<meta property=\"article:modified_time\" content=\"2025-12-09T20:18:36+00:00\" \/>\n<meta name=\"twitter:card\" content=\"summary_large_image\" \/>\n<meta name=\"twitter:label1\" content=\"Tiempo de lectura\" \/>\n\t<meta name=\"twitter:data1\" content=\"1 minuto\" \/>\n<script type=\"application\/ld+json\" class=\"yoast-schema-graph\">{\"@context\":\"https:\/\/schema.org\",\"@graph\":[{\"@type\":\"WebPage\",\"@id\":\"https:\/\/www.furacon.com.br\/es\/furacon-25-30-project-evolve\/\",\"url\":\"https:\/\/www.furacon.com.br\/es\/furacon-25-30-project-evolve\/\",\"name\":\"Proyecto Evolucionar - Furacon\",\"isPartOf\":{\"@id\":\"https:\/\/www.furacon.com.br\/#website\"},\"datePublished\":\"2025-12-05T22:14:48+00:00\",\"dateModified\":\"2025-12-09T20:18:36+00:00\",\"description\":\"Projeto Evoluir: Nosso projeto representa algo muito maior do que um simples plano de metas ou um projeto de crescimento. Estamos em uma...\",\"breadcrumb\":{\"@id\":\"https:\/\/www.furacon.com.br\/es\/furacon-25-30-project-evolve\/#breadcrumb\"},\"inLanguage\":\"es\",\"potentialAction\":[{\"@type\":\"ReadAction\",\"target\":[\"https:\/\/www.furacon.com.br\/es\/furacon-25-30-project-evolve\/\"]}]},{\"@type\":\"BreadcrumbList\",\"@id\":\"https:\/\/www.furacon.com.br\/es\/furacon-25-30-project-evolve\/#breadcrumb\",\"itemListElement\":[{\"@type\":\"ListItem\",\"position\":1,\"name\":\"In\u00edcio\",\"item\":\"https:\/\/www.furacon.com.br\/es\/\"},{\"@type\":\"ListItem\",\"position\":2,\"name\":\"Proyecto Evolucionar\"}]},{\"@type\":\"WebSite\",\"@id\":\"https:\/\/www.furacon.com.br\/#website\",\"url\":\"https:\/\/www.furacon.com.br\/\",\"name\":\"Furacon\",\"description\":\"Sistemas de cortes e perfura\u00e7\u00f5es em concreto ltda\",\"publisher\":{\"@id\":\"https:\/\/www.furacon.com.br\/#organization\"},\"potentialAction\":[{\"@type\":\"SearchAction\",\"target\":{\"@type\":\"EntryPoint\",\"urlTemplate\":\"https:\/\/www.furacon.com.br\/?s={search_term_string}\"},\"query-input\":{\"@type\":\"PropertyValueSpecification\",\"valueRequired\":true,\"valueName\":\"search_term_string\"}}],\"inLanguage\":\"es\"},{\"@type\":\"Organization\",\"@id\":\"https:\/\/www.furacon.com.br\/#organization\",\"name\":\"Furacon\",\"url\":\"https:\/\/www.furacon.com.br\/\",\"logo\":{\"@type\":\"ImageObject\",\"inLanguage\":\"es\",\"@id\":\"https:\/\/www.furacon.com.br\/#\/schema\/logo\/image\/\",\"url\":\"https:\/\/www.furacon.com.br\/wp-content\/uploads\/2024\/08\/new-logo-furacon.png\",\"contentUrl\":\"https:\/\/www.furacon.com.br\/wp-content\/uploads\/2024\/08\/new-logo-furacon.png\",\"width\":1746,\"height\":607,\"caption\":\"Furacon\"},\"image\":{\"@id\":\"https:\/\/www.furacon.com.br\/#\/schema\/logo\/image\/\"},\"sameAs\":[\"https:\/\/www.facebook.com\/Furacon\/\",\"https:\/\/www.instagram.com\/furaconltda\/\",\"https:\/\/www.linkedin.com\/company\/1363276\",\"https:\/\/www.youtube.com\/@Furacon_\"]}]}<\/script>\n<!-- \/ Yoast SEO plugin. -->","yoast_head_json":{"title":"Proyecto Evolucionar - Furacon","description":"Projeto Evoluir: Nosso projeto representa algo muito maior do que um simples plano de metas ou um projeto de crescimento. Estamos em uma...","robots":{"index":"index","follow":"follow","max-snippet":"max-snippet:-1","max-image-preview":"max-image-preview:large","max-video-preview":"max-video-preview:-1"},"canonical":"https:\/\/www.furacon.com.br\/es\/furacon-25-30-project-evolve\/","og_locale":"es_ES","og_type":"article","og_title":"Proyecto Evolucionar - Furacon","og_description":"Projeto Evoluir: Nosso projeto representa algo muito maior do que um simples plano de metas ou um projeto de crescimento. Estamos em uma...","og_url":"https:\/\/www.furacon.com.br\/es\/furacon-25-30-project-evolve\/","og_site_name":"Furacon","article_publisher":"https:\/\/www.facebook.com\/Furacon\/","article_modified_time":"2025-12-09T20:18:36+00:00","twitter_card":"summary_large_image","twitter_misc":{"Tiempo de lectura":"1 minuto"},"schema":{"@context":"https:\/\/schema.org","@graph":[{"@type":"WebPage","@id":"https:\/\/www.furacon.com.br\/es\/furacon-25-30-project-evolve\/","url":"https:\/\/www.furacon.com.br\/es\/furacon-25-30-project-evolve\/","name":"Proyecto Evolucionar - Furacon","isPartOf":{"@id":"https:\/\/www.furacon.com.br\/#website"},"datePublished":"2025-12-05T22:14:48+00:00","dateModified":"2025-12-09T20:18:36+00:00","description":"Projeto Evoluir: Nosso projeto representa algo muito maior do que um simples plano de metas ou um projeto de crescimento. Estamos em uma...","breadcrumb":{"@id":"https:\/\/www.furacon.com.br\/es\/furacon-25-30-project-evolve\/#breadcrumb"},"inLanguage":"es","potentialAction":[{"@type":"ReadAction","target":["https:\/\/www.furacon.com.br\/es\/furacon-25-30-project-evolve\/"]}]},{"@type":"BreadcrumbList","@id":"https:\/\/www.furacon.com.br\/es\/furacon-25-30-project-evolve\/#breadcrumb","itemListElement":[{"@type":"ListItem","position":1,"name":"In\u00edcio","item":"https:\/\/www.furacon.com.br\/es\/"},{"@type":"ListItem","position":2,"name":"Proyecto Evolucionar"}]},{"@type":"WebSite","@id":"https:\/\/www.furacon.com.br\/#website","url":"https:\/\/www.furacon.com.br\/","name":"Furacon","description":"Sistemas de cortes e perfura\u00e7\u00f5es em concreto ltda","publisher":{"@id":"https:\/\/www.furacon.com.br\/#organization"},"potentialAction":[{"@type":"SearchAction","target":{"@type":"EntryPoint","urlTemplate":"https:\/\/www.furacon.com.br\/?s={search_term_string}"},"query-input":{"@type":"PropertyValueSpecification","valueRequired":true,"valueName":"search_term_string"}}],"inLanguage":"es"},{"@type":"Organization","@id":"https:\/\/www.furacon.com.br\/#organization","name":"Furacon","url":"https:\/\/www.furacon.com.br\/","logo":{"@type":"ImageObject","inLanguage":"es","@id":"https:\/\/www.furacon.com.br\/#\/schema\/logo\/image\/","url":"https:\/\/www.furacon.com.br\/wp-content\/uploads\/2024\/08\/new-logo-furacon.png","contentUrl":"https:\/\/www.furacon.com.br\/wp-content\/uploads\/2024\/08\/new-logo-furacon.png","width":1746,"height":607,"caption":"Furacon"},"image":{"@id":"https:\/\/www.furacon.com.br\/#\/schema\/logo\/image\/"},"sameAs":["https:\/\/www.facebook.com\/Furacon\/","https:\/\/www.instagram.com\/furaconltda\/","https:\/\/www.linkedin.com\/company\/1363276","https:\/\/www.youtube.com\/@Furacon_"]}]}},"_links":{"self":[{"href":"https:\/\/www.furacon.com.br\/es\/wp-json\/wp\/v2\/pages\/4865","targetHints":{"allow":["GET"]}}],"collection":[{"href":"https:\/\/www.furacon.com.br\/es\/wp-json\/wp\/v2\/pages"}],"about":[{"href":"https:\/\/www.furacon.com.br\/es\/wp-json\/wp\/v2\/types\/page"}],"author":[{"embeddable":true,"href":"https:\/\/www.furacon.com.br\/es\/wp-json\/wp\/v2\/users\/1"}],"replies":[{"embeddable":true,"href":"https:\/\/www.furacon.com.br\/es\/wp-json\/wp\/v2\/comments?post=4865"}],"version-history":[{"count":3,"href":"https:\/\/www.furacon.com.br\/es\/wp-json\/wp\/v2\/pages\/4865\/revisions"}],"predecessor-version":[{"id":4868,"href":"https:\/\/www.furacon.com.br\/es\/wp-json\/wp\/v2\/pages\/4865\/revisions\/4868"}],"wp:attachment":[{"href":"https:\/\/www.furacon.com.br\/es\/wp-json\/wp\/v2\/media?parent=4865"}],"curies":[{"name":"wp","href":"https:\/\/api.w.org\/{rel}","templated":true}]}}